{"id":767,"date":"2020-10-09T09:10:00","date_gmt":"2020-10-09T09:10:00","guid":{"rendered":"https:\/\/kanzlei-bluem.aw003.de\/?page_id=767"},"modified":"2026-02-25T12:22:15","modified_gmt":"2026-02-25T12:22:15","slug":"impressum","status":"publish","type":"page","link":"https:\/\/kanzlei-bluem.de\/ru\/impressum\/","title":{"rendered":"Impressum"},"content":{"rendered":"<p>[et_pb_section fb_built=&#187;1&#8243; specialty=&#187;on&#187; _builder_version=&#187;4.6.1&#8243; _module_preset=&#187;default&#187;][et_pb_column type=&#187;3_4&#8243; specialty_columns=&#187;3&#8243; _builder_version=&#187;3.25&#8243; custom_padding=&#187;|||&#187; custom_padding__hover=&#187;|||&#187;][et_pb_row_inner _builder_version=&#187;4.1&#8243;][et_pb_column_inner saved_specialty_column_type=&#187;3_4&#8243; _builder_version=&#187;4.1&#8243;][et_pb_text admin_label=&#187;Impressum&#187; module_class=&#187;bluem-img&#187; _builder_version=&#187;4.6.1&#8243; hover_enabled=&#187;0&#8243; sticky_enabled=&#187;0&#8243;]<\/p>\n<h2>Angaben gem\u00e4\u00df DL-InfoV und \u00a7 5 TMG<\/h2>\n<p>Rechtsanw\u00e4ltin Julia Bl\u00fcm<br \/>Immermannstra\u00dfe 50<br \/>40210 D\u00fcsseldorf<br \/>Telefon: 0211\/ 261 315 49<br \/>Telefax: 0211\/ 261 390 93<br \/>Web: www.kanzlei-bluem.de<br \/>E-Mail: info@kanzlei-bluem.de<\/p>\n<p>Umsatzsteueridentifikationsnummer: DE 29535238<\/p>\n<p><strong>Berufsbezeichnung<\/strong><br \/>Julia Bl\u00fcm ist in der Bundesrepublik Deutschland als Rechtsanw\u00e4ltin zugelassen.<br \/>Gesetzliche Berufsbezeichnung Rechtsanw\u00e4ltin wurde in der Bundesrepublik<br \/>Deutschland verliehen.<\/p>\n<p><strong>Berufshaftpflichtversicherung<\/strong><br \/>R+V Allgemeine Versicherung AG<br \/>Raiffeisenplatz 1<br \/>65189 Wiesbaden<br \/>R\u00e4umlicher Geltungsbereich: Deutschland und das EU-Ausland<\/p>\n<p><strong>Aufsichtsbeh\u00f6rde<\/strong><br \/>Rechtsanwaltskammer D\u00fcsseldorf<br \/>K\u00f6rperschaft des \u00f6ffentlichen Rechts<br \/>Freiligrathstra\u00dfe 25<br \/>40479 D\u00fcsseldorf<br \/>Telefon: 0211\/ 49 50 20<br \/>Telefax: 0211\/ 49 50 22 8<br \/>E-Mail: info@rechtsanwaltskammer-duesseldorf.de<\/p>\n<p><strong>Berufsbezeichnungen\/Berufsregeln<\/strong><br \/>Es gelten:<br \/>Berufsordnung (BORA)<br \/>Fachanwaltsordnung (FAO)<br \/>Bundesrechtsanwaltsordnung (BRAO)<br \/>Bundesgeb\u00fchrenordnung (BRAGO)<br \/>Rechtsanwaltsverg\u00fctungsgesetz (RVG) ab dem 01.07.2004<br \/>Siehe: www.brak.de<\/p>\n<p><strong>Interessenkonflikte<\/strong><br \/>In unserer Kanzlei wird mit einer Rechtsanwaltssoftware gearbeitet. Im Rahmen dieses Programms werden die M\u00f6glichkeiten von Interessenkonflikten<br \/>automatisiert gepr\u00fcft.<\/p>\n<p><strong>Haftungsausschluss<\/strong><br \/>Die Rechtsanw\u00e4ltin Julia Bl\u00fcm \u00fcbernimmt die Haftung f\u00fcr die Inhalte der Website gem\u00e4\u00df den gesetzlichen Bestimmungen.<br \/>Eine Gew\u00e4hr f\u00fcr Richtigkeit und Vollst\u00e4ndigkeit der auf der Website befindlichen Information wird nicht \u00fcbernommen. Verweise und Links auf Website<br \/>Dritter bedeuten nicht, dass sich die Rechtsanwaltskanzlei den die hinter dem Verweis oder Link liegenden Inhalte zu eigen macht.<br \/>Die Inhalte begr\u00fcnden keine Verantwortung der Rechtsanwaltskanzlei f\u00fcr die dort bereitgehaltenen Daten und Informationen.<br \/>Die Rechtsanwaltskanzlei hat keinen Einfluss auf die hinter dem Link liegenden Inhalte f\u00fcr rechtswidrige, fehlerhafte oder unvollst\u00e4ndige Inhalte<br \/>von f\u00fcr Sch\u00e4den, die aufgrund der Nutzung von einem hinter dem Link liegenden Inhalt f\u00fcr verursacht worden sind, haftet die Rechtsanwaltskanzlei daher nicht.<\/p>\n<p>Konzeption, Gestaltung und Realisierung:<br \/><a href=\"https:\/\/aweos.de\/\">www.aweos.de<\/a><\/p>\n<p>[\/et_pb_text][\/et_pb_column_inner][\/et_pb_row_inner][\/et_pb_column][et_pb_column type=&#187;1_4&#8243; _builder_version=&#187;3.25&#8243; custom_padding=&#187;|||&#187; custom_padding__hover=&#187;|||&#187;][et_pb_sidebar area=&#187;sidebar-1&#8243; _builder_version=&#187;4.6.1&#8243; _module_preset=&#187;default&#187;][\/et_pb_sidebar][\/et_pb_column][\/et_pb_section]<\/p>\n","protected":false},"excerpt":{"rendered":"<p>[et_pb_section fb_built=&#187;1&#8243; specialty=&#187;on&#187; _builder_version=&#187;4.6.1&#8243; _module_preset=&#187;default&#187;][et_pb_column type=&#187;3_4&#8243; specialty_columns=&#187;3&#8243; _builder_version=&#187;3.25&#8243; custom_padding=&#187;|||&#187; custom_padding__hover=&#187;|||&#187;][et_pb_row_inner _builder_version=&#187;4.1&#8243;][et_pb_column_inner saved_specialty_column_type=&#187;3_4&#8243; _builder_version=&#187;4.1&#8243;][et_pb_text admin_label=&#187;Impressum&#187; module_class=&#187;bluem-img&#187; _builder_version=&#187;4.6.1&#8243; hover_enabled=&#187;0&#8243; sticky_enabled=&#187;0&#8243;] Angaben gem\u00e4\u00df DL-InfoV und \u00a7 5 TMG Rechtsanw\u00e4ltin Julia Bl\u00fcmImmermannstra\u00dfe 5040210 D\u00fcsseldorfTelefon: 0211\/ 261 315 49Telefax: 0211\/ 261 390 93Web: www.kanzlei-bluem.deE-Mail: info@kanzlei-bluem.de Umsatzsteueridentifikationsnummer: DE 29535238 BerufsbezeichnungJulia Bl\u00fcm ist in der Bundesrepublik Deutschland als Rechtsanw\u00e4ltin zugelassen.Gesetzliche Berufsbezeichnung Rechtsanw\u00e4ltin [&hellip;]<\/p>\n","protected":false},"author":3,"featured_media":721,"parent":0,"menu_order":80,"comment_status":"closed","ping_status":"closed","template":"unterseite.php","meta":{"_et_pb_use_builder":"on","_et_pb_old_content":"[et_pb_section fb_built=\"1\" specialty=\"on\" _builder_version=\"4.6.1\" _module_preset=\"default\"][et_pb_column type=\"3_4\" specialty_columns=\"3\" _builder_version=\"3.25\" custom_padding=\"|||\" custom_padding__hover=\"|||\"][et_pb_row_inner _builder_version=\"4.1\"][et_pb_column_inner saved_specialty_column_type=\"3_4\" _builder_version=\"4.1\"][et_pb_text admin_label=\"Impressum\" module_class=\"bluem-img\" _builder_version=\"4.6.1\"]<h2>Angaben gem\u00e4\u00df DL-InfoV und \u00a7 5 TMG<\/h2>\r\nRechtsanw\u00e4ltin Julia Bl\u00fcm\r\nK\u00f6nigsallee 98\r\n40212 D\u00fcsseldorf\r\nTelefon: 0211\/ 261 315 49\r\nTelefax: 0211\/ 261 390 93\r\nWeb: www.kanzlei-bluem.de\r\nE-Mail: info@kanzlei-bluem.de\r\n\r\nUmsatzsteueridentifikationsnummer: DE 29535238\r\n\r\n<strong>Berufsbezeichnung<\/strong>\r\nJulia Bl\u00fcm ist in der Bundesrepublik Deutschland als Rechtsanw\u00e4ltin zugelassen.\r\nGesetzliche Berufsbezeichnung Rechtsanw\u00e4ltin wurde in der Bundesrepublik\r\nDeutschland verliehen.\r\n\r\n<strong>Berufshaftpflichtversicherung<\/strong>\r\nR+V Allgemeine Versicherung AG\r\nRaiffeisenplatz 1\r\n65189 Wiesbaden\r\nR\u00e4umlicher Geltungsbereich: Deutschland und das EU-Ausland\r\n\r\n<strong>Aufsichtsbeh\u00f6rde<\/strong>\r\nRechtsanwaltskammer D\u00fcsseldorf\r\nK\u00f6rperschaft des \u00f6ffentlichen Rechts\r\nFreiligrathstra\u00dfe 25\r\n40479 D\u00fcsseldorf\r\nTelefon: 0211\/ 49 50 20\r\nTelefax: 0211\/ 49 50 22 8\r\nE-Mail: info@rechtsanwaltskammer-duesseldorf.de\r\n\r\n\r\n<strong>Berufsbezeichnungen\/Berufsregeln<\/strong>\r\nEs gelten:\r\nBerufsordnung (BORA)\r\nFachanwaltsordnung (FAO)\r\nBundesrechtsanwaltsordnung (BRAO)\r\nBundesgeb\u00fchrenordnung (BRAGO)\r\nRechtsanwaltsverg\u00fctungsgesetz (RVG) ab dem 01.07.2004\r\nSiehe: www.brak.de\r\n\r\n<strong>Interessenkonflikte<\/strong>\r\nIn unserer Kanzlei wird mit einer Rechtsanwaltssoftware gearbeitet. Im Rahmen dieses Programms werden die M\u00f6glichkeiten von Interessenkonflikten\r\nautomatisiert gepr\u00fcft.\r\n\r\n<strong>Haftungsausschluss<\/strong>\r\nDie Rechtsanw\u00e4ltin Julia Bl\u00fcm \u00fcbernimmt die Haftung f\u00fcr die Inhalte der Website gem\u00e4\u00df den gesetzlichen Bestimmungen.\r\nEine Gew\u00e4hr f\u00fcr Richtigkeit und Vollst\u00e4ndigkeit der auf der Website befindlichen Information wird nicht \u00fcbernommen. Verweise und Links auf Website\r\nDritter bedeuten nicht, dass sich die Rechtsanwaltskanzlei den die hinter dem Verweis oder Link liegenden Inhalte zu eigen macht.\r\nDie Inhalte begr\u00fcnden keine Verantwortung der Rechtsanwaltskanzlei f\u00fcr die dort bereitgehaltenen Daten und Informationen.\r\nDie Rechtsanwaltskanzlei hat keinen Einfluss auf die hinter dem Link liegenden Inhalte f\u00fcr rechtswidrige, fehlerhafte oder unvollst\u00e4ndige Inhalte\r\nvon f\u00fcr Sch\u00e4den, die aufgrund der Nutzung von einem hinter dem Link liegenden Inhalt f\u00fcr verursacht worden sind, haftet die Rechtsanwaltskanzlei daher nicht.\r\n\r\n\r\nKonzeption, Gestaltung und Realisierung:\r\n<a href=\"https:\/\/aweos.de\/\" traget=\"_blank\">www.aweos.de<\/a>[\/et_pb_text][\/et_pb_column_inner][\/et_pb_row_inner][\/et_pb_column][et_pb_column type=\"1_4\" _builder_version=\"3.25\" custom_padding=\"|||\" custom_padding__hover=\"|||\"][et_pb_sidebar area=\"sidebar-1\" _builder_version=\"4.6.1\" _module_preset=\"default\"][\/et_pb_sidebar][\/et_pb_column][\/et_pb_section]","_et_gb_content_width":"","footnotes":""},"class_list":["post-767","page","type-page","status-publish","has-post-thumbnail","hentry"],"yoast_head":"<!-- This site is optimized with the Yoast SEO plugin v15.1 - https:\/\/yoast.com\/wordpress\/plugins\/seo\/ -->\n<title>Impressum - Kanzlei Bl\u00fcm<\/title>\n<meta name=\"robots\" content=\"index, follow, max-snippet:-1, max-image-preview:large, max-video-preview:-1\" \/>\n<link rel=\"canonical\" href=\"https:\/\/kanzlei-bluem.de\/ru\/impressum\/\" \/>\n<meta property=\"og:locale\" content=\"ru_RU\" \/>\n<meta property=\"og:type\" content=\"article\" \/>\n<meta property=\"og:title\" content=\"Impressum - Kanzlei Bl\u00fcm\" \/>\n<meta property=\"og:description\" content=\"[et_pb_section fb_built=&#187;1&#8243; specialty=&#187;on&#187; _builder_version=&#187;4.6.1&#8243; _module_preset=&#187;default&#187;][et_pb_column type=&#187;3_4&#8243; specialty_columns=&#187;3&#8243; _builder_version=&#187;3.25&#8243; custom_padding=&#187;|||&#187; custom_padding__hover=&#187;|||&#187;][et_pb_row_inner _builder_version=&#187;4.1&#8243;][et_pb_column_inner saved_specialty_column_type=&#187;3_4&#8243; _builder_version=&#187;4.1&#8243;][et_pb_text admin_label=&#187;Impressum&#187; module_class=&#187;bluem-img&#187; _builder_version=&#187;4.6.1&#8243; hover_enabled=&#187;0&#8243; sticky_enabled=&#187;0&#8243;] Angaben gem\u00e4\u00df DL-InfoV und \u00a7 5 TMG Rechtsanw\u00e4ltin Julia Bl\u00fcmImmermannstra\u00dfe 5040210 D\u00fcsseldorfTelefon: 0211\/ 261 315 49Telefax: 0211\/ 261 390 93Web: www.kanzlei-bluem.deE-Mail: info@kanzlei-bluem.de Umsatzsteueridentifikationsnummer: DE 29535238 BerufsbezeichnungJulia Bl\u00fcm ist in der Bundesrepublik Deutschland als Rechtsanw\u00e4ltin zugelassen.Gesetzliche Berufsbezeichnung Rechtsanw\u00e4ltin [&hellip;]\" \/>\n<meta property=\"og:url\" content=\"https:\/\/kanzlei-bluem.de\/ru\/impressum\/\" \/>\n<meta property=\"og:site_name\" content=\"Kanzlei Bl\u00fcm\" \/>\n<meta property=\"article:modified_time\" content=\"2026-02-25T12:22:15+00:00\" \/>\n<meta property=\"og:image\" content=\"https:\/\/kanzlei-bluem.de\/wp-content\/uploads\/2020\/07\/teaser06.jpg\" \/>\n\t<meta property=\"og:image:width\" content=\"700\" \/>\n\t<meta property=\"og:image:height\" content=\"323\" \/>\n<meta name=\"twitter:card\" content=\"summary_large_image\" \/>\n<script type=\"application\/ld+json\" class=\"yoast-schema-graph\">{\"@context\":\"https:\/\/schema.org\",\"@graph\":[{\"@type\":\"WebSite\",\"@id\":\"https:\/\/kanzlei-bluem.de\/ru\/#website\",\"url\":\"https:\/\/kanzlei-bluem.de\/ru\/\",\"name\":\"Kanzlei Bl\\u00fcm\",\"description\":\"Rechtsanwaltskanzlei\",\"potentialAction\":[{\"@type\":\"SearchAction\",\"target\":\"https:\/\/kanzlei-bluem.de\/ru\/?s={search_term_string}\",\"query-input\":\"required name=search_term_string\"}],\"inLanguage\":\"ru-RU\"},{\"@type\":\"ImageObject\",\"@id\":\"https:\/\/kanzlei-bluem.de\/ru\/impressum\/#primaryimage\",\"inLanguage\":\"ru-RU\",\"url\":\"https:\/\/kanzlei-bluem.de\/wp-content\/uploads\/2020\/07\/teaser06.jpg\",\"width\":700,\"height\":323,\"caption\":\"D\\u00fcsseldorf\"},{\"@type\":\"WebPage\",\"@id\":\"https:\/\/kanzlei-bluem.de\/ru\/impressum\/#webpage\",\"url\":\"https:\/\/kanzlei-bluem.de\/ru\/impressum\/\",\"name\":\"Impressum - Kanzlei Bl\\u00fcm\",\"isPartOf\":{\"@id\":\"https:\/\/kanzlei-bluem.de\/ru\/#website\"},\"primaryImageOfPage\":{\"@id\":\"https:\/\/kanzlei-bluem.de\/ru\/impressum\/#primaryimage\"},\"datePublished\":\"2020-10-09T09:10:00+00:00\",\"dateModified\":\"2026-02-25T12:22:15+00:00\",\"breadcrumb\":{\"@id\":\"https:\/\/kanzlei-bluem.de\/ru\/impressum\/#breadcrumb\"},\"inLanguage\":\"ru-RU\",\"potentialAction\":[{\"@type\":\"ReadAction\",\"target\":[\"https:\/\/kanzlei-bluem.de\/ru\/impressum\/\"]}]},{\"@type\":\"BreadcrumbList\",\"@id\":\"https:\/\/kanzlei-bluem.de\/ru\/impressum\/#breadcrumb\",\"itemListElement\":[{\"@type\":\"ListItem\",\"position\":1,\"item\":{\"@type\":\"WebPage\",\"@id\":\"https:\/\/kanzlei-bluem.de\/\",\"url\":\"https:\/\/kanzlei-bluem.de\/\",\"name\":\"Startseite\"}},{\"@type\":\"ListItem\",\"position\":2,\"item\":{\"@type\":\"WebPage\",\"@id\":\"https:\/\/kanzlei-bluem.de\/ru\/impressum\/\",\"url\":\"https:\/\/kanzlei-bluem.de\/ru\/impressum\/\",\"name\":\"Impressum\"}}]}]}<\/script>\n<!-- \/ Yoast SEO plugin. -->","_links":{"self":[{"href":"https:\/\/kanzlei-bluem.de\/ru\/wp-json\/wp\/v2\/pages\/767\/"}],"collection":[{"href":"https:\/\/kanzlei-bluem.de\/ru\/wp-json\/wp\/v2\/pages\/"}],"about":[{"href":"https:\/\/kanzlei-bluem.de\/ru\/wp-json\/wp\/v2\/types\/page\/"}],"author":[{"embeddable":true,"href":"https:\/\/kanzlei-bluem.de\/ru\/wp-json\/wp\/v2\/users\/3\/"}],"replies":[{"embeddable":true,"href":"https:\/\/kanzlei-bluem.de\/ru\/wp-json\/wp\/v2\/comments\/?post=767"}],"version-history":[{"count":3,"href":"https:\/\/kanzlei-bluem.de\/ru\/wp-json\/wp\/v2\/pages\/767\/revisions\/"}],"predecessor-version":[{"id":1165,"href":"https:\/\/kanzlei-bluem.de\/ru\/wp-json\/wp\/v2\/pages\/767\/revisions\/1165\/"}],"wp:featuredmedia":[{"embeddable":true,"href":"https:\/\/kanzlei-bluem.de\/ru\/wp-json\/wp\/v2\/media\/721\/"}],"wp:attachment":[{"href":"https:\/\/kanzlei-bluem.de\/ru\/wp-json\/wp\/v2\/media\/?parent=767"}],"curies":[{"name":"wp","href":"https:\/\/api.w.org\/{rel}","templated":true}]}}