{"id":762,"date":"2020-10-09T09:09:30","date_gmt":"2020-10-09T09:09:30","guid":{"rendered":"https:\/\/kanzlei-bluem.aw003.de\/?page_id=762"},"modified":"2021-07-19T12:23:04","modified_gmt":"2021-07-19T12:23:04","slug":"zivilrecht-forderungsmanagment","status":"publish","type":"page","link":"https:\/\/kanzlei-bluem.de\/ru\/zivilrecht-forderungsmanagment\/","title":{"rendered":"\u0413\u0440\u0430\u0436\u0434\u0430\u043d\u0441\u043a\u043e\u0435 \u043f\u0440\u0430\u0432\u043e \/ \u0423\u043f\u0440\u0430\u0432\u043b\u0435\u043d\u0438\u0435"},"content":{"rendered":"<p>[et_pb_section fb_built=&#187;1&#8243; specialty=&#187;on&#187; _builder_version=&#187;4.6.1&#8243; _module_preset=&#187;default&#187;][et_pb_column type=&#187;3_4&#8243; specialty_columns=&#187;3&#8243; _builder_version=&#187;3.25&#8243; custom_padding=&#187;|||&#187; custom_padding__hover=&#187;|||&#187;][et_pb_row_inner _builder_version=&#187;4.1&#8243;][et_pb_column_inner saved_specialty_column_type=&#187;3_4&#8243; _builder_version=&#187;4.1&#8243;][et_pb_text admin_label=&#187;Zivilrecht \/ Forderungsmanagment&#187; module_class=&#187;start-img&#187; _builder_version=&#187;4.6.1&#8243;]<\/p>\n<p><img loading=\"lazy\" decoding=\"async\" class=\"wp-image-993 size-full alignleft\" src=\"https:\/\/kanzlei-bluem.de\/wp-content\/uploads\/2020\/12\/ce3h.jpg\" alt=\"\" width=\"220\" height=\"132\" \/>\u041e\u0431\u0449\u0435\u0435 \u0433\u0440\u0430\u0436\u0434\u0430\u043d\u0441\u043a\u043e\u0435 \u043f\u0440\u0430\u0432\u043e \u0440\u0435\u0433\u0443\u043b\u0438\u0440\u0443\u0435\u0442 \u043f\u0440\u0430\u0432\u043e\u0432\u044b\u0435 \u043e\u0442\u043d\u043e\u0448\u0435\u043d\u0438\u044f \u044e\u0440\u0438\u0434\u0438\u0447\u0435\u0441\u043a\u0438\u0445 \u0438 \u0444\u0438\u0437\u0438\u0447\u0435\u0441\u043a\u0438\u0445 \u043b\u0438\u0446. \u0413\u0440\u0430\u0436\u0434\u0430\u043d\u0441\u043a\u043e\u0435 \u043f\u0440\u0430\u0432\u043e \u0432 \u043f\u0435\u0440\u0432\u0443\u044e \u043e\u0447\u0435\u0440\u0435\u0434\u044c \u0440\u0435\u0433\u0443\u043b\u0438\u0440\u0443\u0435\u0442\u0441\u044f \u0413\u0440\u0430\u0436\u0434\u0430\u043d\u0441\u043a\u0438\u043c \u043a\u043e\u0434\u0435\u043a\u0441\u043e\u043c (\u0413\u041a). \u041a\u0440\u043e\u043c\u0435 \u0442\u043e\u0433\u043e, \u0441\u0443\u0449\u0435\u0441\u0442\u0432\u0443\u0435\u0442 \u0446\u0435\u043b\u044b\u0439 \u0440\u044f\u0434 \u043f\u043e\u043b\u043e\u0436\u0435\u043d\u0438\u0439 \u043e \u0440\u0435\u0433\u0443\u043b\u0438\u0440\u043e\u0432\u0430\u043d\u0438\u0438 \u0432 \u0441\u043f\u0435\u0446\u0438\u0430\u043b\u044c\u043d\u044b\u0445 \u0437\u0430\u043a\u043e\u043d\u0430\u0445, \u043f\u043e\u043b\u043d\u044b\u0439 \u0441\u043f\u0438\u0441\u043e\u043a \u043a\u043e\u0442\u043e\u0440\u044b\u0445 \u043c\u044b \u043d\u0435 \u043c\u043e\u0436\u0435\u043c \u0437\u0434\u0435\u0441\u044c \u043f\u0435\u0440\u0435\u0447\u0438\u0441\u043b\u0438\u0442\u044c. \u041e\u0431\u0449\u0435\u0435 \u0433\u0440\u0430\u0436\u0434\u0430\u043d\u0441\u043a\u043e\u0435 \u043f\u0440\u0430\u0432\u043e \u0432\u043a\u043b\u044e\u0447\u0430\u0435\u0442, \u043d\u0430\u043f\u0440\u0438\u043c\u0435\u0440, \u043f\u0440\u0430\u0432\u043e, \u0440\u0435\u0433\u0443\u043b\u0438\u0440\u0443\u044e\u0449\u0435\u0435 \u043f\u043e\u0440\u044f\u0434\u043e\u043a \u0437\u0430\u043a\u043b\u044e\u0447\u0435\u043d\u0438\u044f \u0434\u043e\u0433\u043e\u0432\u043e\u0440\u043e\u0432 \u043a\u0443\u043f\u043b\u0438-\u043f\u0440\u043e\u0434\u0430\u0436\u0438 \u0438 \u043f\u043e\u0434\u0440\u044f\u0434\u0430, \u043f\u043e\u0440\u0443\u0447\u0438\u0442\u0435\u043b\u044c\u0441\u0442\u0432\u0430 \u0438\u043b\u0438 \u0434\u0430\u0440\u0435\u043d\u0438\u044f. \u041a\u0440\u043e\u043c\u0435 \u044d\u0442\u043e\u0433\u043e, \u043e\u0431\u0449\u0435\u0435 \u0433\u0440\u0430\u0436\u0434\u0430\u043d\u0441\u043a\u043e\u0435 \u043f\u0440\u0430\u0432\u043e \u0432\u043a\u043b\u044e\u0447\u0430\u0435\u0442 \u043f\u0440\u0430\u0432\u043e, \u0440\u0435\u0433\u0443\u043b\u0438\u0440\u0443\u044e\u0449\u0435\u0435 \u043f\u043e\u0440\u044f\u0434\u043e\u043a \u0432\u043e\u0437\u043c\u0435\u0449\u0435\u043d\u0438\u044f \u0443\u0449\u0435\u0440\u0431\u0430 \u0438 \u043e\u0431\u043e\u0433\u0430\u0449\u0435\u043d\u0438\u044f. \u0421\u0443\u0434 \u043f\u043e \u0433\u0440\u0430\u0436\u0434\u0430\u043d\u0441\u043a\u0438\u043c \u0434\u0435\u043b\u0430\u043c \u0438 \u0433\u0440\u0430\u0436\u0434\u0430\u043d\u0441\u043a\u0438\u0439 \u0441\u0443\u0434\u0435\u0431\u043d\u044b\u0439 \u043f\u0440\u043e\u0446\u0435\u0441\u0441 \u044f\u0432\u043b\u044f\u044e\u0442\u0441\u044f \u0431\u0430\u0437\u043e\u0439 \u0434\u043b\u044f \u043b\u044e\u0431\u043e\u0433\u043e \u044e\u0440\u0438\u0434\u0438\u0447\u0435\u0441\u043a\u043e\u0433\u043e \u043e\u0431\u0440\u0430\u0437\u043e\u0432\u0430\u043d\u0438\u044f, \u043d\u0430 \u043e\u0441\u043d\u043e\u0432\u0430\u043d\u0438\u0438 \u0447\u0435\u0433\u043e \u043c\u044b \u0432 \u0441\u043e\u0441\u0442\u043e\u044f\u043d\u0438\u0438 \u043f\u0440\u0435\u0434\u043e\u0441\u0442\u0430\u0432\u0438\u0442\u044c \u0412\u0430\u043c \u043a\u043e\u043c\u043f\u043b\u0435\u043a\u0441\u043d\u044b\u0435 \u043a\u043e\u043d\u0441\u0443\u043b\u044c\u0442\u0430\u0446\u0438\u0438 \u0432 \u044d\u0442\u043e\u0439 \u0441\u0444\u0435\u0440\u0435 \u0438 \u043f\u0440\u0435\u0434\u0441\u0442\u0430\u0432\u043b\u044f\u0442\u044c \u0412\u0430\u0448\u0438 \u0438\u043d\u0442\u0435\u0440\u0435\u0441\u044b \u0432 \u0441\u0443\u0434\u0435\u0431\u043d\u043e\u043c \u0438 \u0432\u043d\u0435\u0441\u0443\u0434\u0435\u0431\u043d\u043e\u043c \u043f\u043e\u0440\u044f\u0434\u043a\u0435.<\/p>\n<p>\u0423 \u0412\u0430\u0441 \u0435\u0441\u0442\u044c \u0434\u043e\u043b\u0436\u043d\u0438\u043a\u0438, \u043a\u043e\u0442\u043e\u0440\u044b\u0435 \u043d\u0435 \u043f\u043b\u0430\u0442\u044f\u0442? \u0423\u043f\u0440\u0430\u0432\u043b\u0435\u043d\u0438\u0435 \u0442\u0440\u0435\u0431\u043e\u0432\u0430\u043d\u0438\u044f\u043c\u0438 \u043a\u0440\u0435\u0434\u0438\u0442\u043e\u0440\u043e\u0432 \u2013 \u044d\u0442\u043e \u044d\u0444\u0444\u0435\u043a\u0442\u0438\u0432\u043d\u044b\u0439 \u043c\u0435\u0442\u043e\u0434 \u0432\u0437\u044b\u0441\u043a\u0430\u043d\u0438\u044f \u0434\u043e\u043b\u0433\u043e\u0432. \u041e\u0442 \u0441\u043e\u0441\u0442\u0430\u0432\u043b\u0435\u043d\u0438\u044f \u043f\u0438\u0441\u044c\u043c\u0435\u043d\u043d\u044b\u0445 \u043d\u0430\u043f\u043e\u043c\u0438\u043d\u0430\u043d\u0438\u0439 \u0434\u043e \u043f\u0440\u0438\u043d\u0443\u0434\u0438\u0442\u0435\u043b\u044c\u043d\u043e\u0433\u043e \u0432\u0437\u044b\u0441\u043a\u0430\u043d\u0438\u044f \u2013 \u043c\u044b \u0432\u044b\u043f\u043e\u043b\u043d\u0438\u043c \u0434\u043b\u044f \u0412\u0430\u0441 \u043b\u044e\u0431\u043e\u0435 \u043f\u043e\u0440\u0443\u0447\u0435\u043d\u0438\u0435, \u0447\u0442\u043e\u0431\u044b \u0441\u043d\u044f\u0442\u044c \u0441 \u0412\u0430\u0441 \u044d\u0442\u0443 \u043d\u0430\u0433\u0440\u0443\u0437\u043a\u0443, \u0431\u043b\u0430\u0433\u043e\u0434\u0430\u0440\u044f \u0447\u0435\u043c\u0443 \u0412\u044b \u0441\u043c\u043e\u0436\u0435\u0442\u0435 \u0441\u043e\u0441\u0440\u0435\u0434\u043e\u0442\u043e\u0447\u0438\u0442\u044c\u0441\u044f \u043d\u0430 \u043e\u0441\u043d\u043e\u0432\u043d\u043e\u043c \u0431\u0438\u0437\u043d\u0435\u0441\u0435. \u041a\u0430\u043a \u043f\u0440\u0430\u0432\u0438\u043b\u043e, \u0430\u0434\u0432\u043e\u043a\u0430\u0442\u044b \u0434\u043e\u0441\u0442\u0438\u0433\u0430\u044e\u0442 \u0431\u043e\u043b\u044c\u0448\u0435\u0433\u043e \u0443\u0441\u043f\u0435\u0445\u0430, \u0447\u0435\u043c \u0441\u043e\u0431\u0441\u0442\u0432\u0435\u043d\u043d\u044b\u0435 \u044e\u0440\u0438\u0434\u0438\u0447\u0435\u0441\u043a\u0438\u0435 \u043e\u0442\u0434\u0435\u043b\u044b \u043a\u043e\u043c\u043f\u0430\u043d\u0438\u0439 \u0438\u043b\u0438 \u043f\u0440\u0435\u0434\u043f\u0440\u0438\u044f\u0442\u0438\u044f \u043f\u043e \u0432\u0437\u044b\u0441\u043a\u0430\u043d\u0438\u044e \u0434\u043e\u043b\u0433\u043e\u0432.<br \/>\u041a\u043e\u043d\u043a\u0440\u0435\u0442\u043d\u043e \u043c\u044b \u043f\u0440\u0435\u0434\u043b\u0430\u0433\u0430\u0435\u043c \u0441\u043b\u0435\u0434\u0443\u044e\u0449\u0438\u0435 \u0443\u0441\u043b\u0443\u0433\u0438:<\/p>\n<ul class=\"liste\">\n<li>\u041e\u0444\u043e\u0440\u043c\u043b\u0435\u043d\u043d\u043e\u0435 \u0430\u0434\u0432\u043e\u043a\u0430\u0442\u043e\u043c \u043f\u0438\u0441\u044c\u043c\u0435\u043d\u043d\u043e\u0435 \u0443\u0432\u0435\u0434\u043e\u043c\u043b\u0435\u043d\u0438\u0435 (Mahnschreiben)<\/li>\n<li>\u041f\u0440\u0435\u0434\u0443\u043f\u0440\u0435\u0436\u0434\u0435\u043d\u0438\u0435 \u0434\u043e\u043b\u0436\u043d\u0438\u043a\u0430 \u0447\u0435\u0440\u0435\u0437 \u0441\u0443\u0434 (\u043e \u043d\u0435\u043e\u0431\u0445\u043e\u0434\u0438\u043c\u043e\u0441\u0442\u0438 \u0432\u044b\u043f\u043e\u043b\u043d\u0435\u043d\u0438\u044f \u043e\u0431\u044f\u0437\u0430\u0442\u0435\u043b\u044c\u0441\u0442\u0432\u0430) \u0438\u043b\u0438 \u043f\u043e\u0434\u0430\u0447\u0430 \u0438\u0441\u043a\u0430<\/li>\n<li>\u0421\u043e\u0433\u043b\u0430\u0448\u0435\u043d\u0438\u0435 \u043e \u043f\u043e\u0433\u0430\u0448\u0435\u043d\u0438\u0438 \u0434\u043e\u043b\u0433\u0430 \u0432 \u0440\u0430\u0441\u0441\u0440\u043e\u0447\u043a\u0443<\/li>\n<li>\u041c\u0438\u0440\u043e\u0432\u043e\u0435 \u0441\u043e\u0433\u043b\u0430\u0448\u0435\u043d\u0438\u0435<\/li>\n<li>\u0420\u0435\u0433\u0438\u0441\u0442\u0440\u0430\u0446\u0438\u044f \u0442\u0440\u0435\u0431\u043e\u0432\u0430\u043d\u0438\u044f, \u043f\u0440\u0435\u0434\u044a\u044f\u0432\u043b\u0435\u043d\u0438\u0435 \u043f\u0440\u0430\u0432\u0430 \u043d\u0430 \u0432\u044b\u0434\u0435\u043b\u0435\u043d\u0438\u0435 \u0438 \u043e\u0442\u0434\u0435\u043b\u0435\u043d\u0438\u0435 \u0432 \u0440\u0430\u043c\u043a\u0430\u0445 \u043a\u043e\u043d\u043a\u0443\u0440\u0441\u043d\u043e\u0433\u043e \u043f\u0440\u043e\u0438\u0437\u0432\u043e\u0434\u0441\u0442\u0432\u0430<\/li>\n<li>\u0423\u0441\u0442\u0430\u043d\u043e\u0432\u043b\u0435\u043d\u0438\u0435 \u043c\u0435\u0441\u0442\u0430 \u043f\u0440\u0435\u0431\u044b\u0432\u0430\u043d\u0438\u044f<\/li>\n<li>\u0421\u043e\u043e\u0431\u0449\u0435\u043d\u0438\u0435 \u043e \u043f\u0440\u0430\u0432\u043e\u043d\u0430\u0440\u0443\u0448\u0435\u043d\u0438\u0438<\/li>\n<li>\u041f\u0440\u043e\u0432\u0435\u0440\u043a\u0430 \u043f\u043b\u0430\u0442\u0435\u0436\u0435\u0441\u043f\u043e\u0441\u043e\u0431\u043d\u043e\u0441\u0442\u0438<\/li>\n<li>\u0421\u043f\u0440\u0430\u0432\u043a\u0430 \u043e \u043a\u043e\u043c\u043f\u0430\u043d\u0438\u044f\u0445 \u0438 \u043e\u0442\u0434\u0435\u043b\u044c\u043d\u044b\u0445 \u043b\u0438\u0446\u0430\u0445<\/li>\n<\/ul>\n<p>[\/et_pb_text][\/et_pb_column_inner][\/et_pb_row_inner][\/et_pb_column][et_pb_column type=&#187;1_4&#8243; _builder_version=&#187;3.25&#8243; custom_padding=&#187;|||&#187; custom_padding__hover=&#187;|||&#187;][et_pb_sidebar area=&#187;sidebar-1&#8243; _builder_version=&#187;4.6.1&#8243; _module_preset=&#187;default&#187;][\/et_pb_sidebar][\/et_pb_column][\/et_pb_section]<\/p>\n","protected":false},"excerpt":{"rendered":"<p>[et_pb_section fb_built=&#187;1&#8243; specialty=&#187;on&#187; _builder_version=&#187;4.6.1&#8243; _module_preset=&#187;default&#187;][et_pb_column type=&#187;3_4&#8243; specialty_columns=&#187;3&#8243; _builder_version=&#187;3.25&#8243; custom_padding=&#187;|||&#187; custom_padding__hover=&#187;|||&#187;][et_pb_row_inner _builder_version=&#187;4.1&#8243;][et_pb_column_inner saved_specialty_column_type=&#187;3_4&#8243; _builder_version=&#187;4.1&#8243;][et_pb_text admin_label=&#187;Zivilrecht \/ Forderungsmanagment&#187; module_class=&#187;start-img&#187; _builder_version=&#187;4.6.1&#8243;] \u041e\u0431\u0449\u0435\u0435 \u0433\u0440\u0430\u0436\u0434\u0430\u043d\u0441\u043a\u043e\u0435 \u043f\u0440\u0430\u0432\u043e \u0440\u0435\u0433\u0443\u043b\u0438\u0440\u0443\u0435\u0442 \u043f\u0440\u0430\u0432\u043e\u0432\u044b\u0435 \u043e\u0442\u043d\u043e\u0448\u0435\u043d\u0438\u044f \u044e\u0440\u0438\u0434\u0438\u0447\u0435\u0441\u043a\u0438\u0445 \u0438 \u0444\u0438\u0437\u0438\u0447\u0435\u0441\u043a\u0438\u0445 \u043b\u0438\u0446. \u0413\u0440\u0430\u0436\u0434\u0430\u043d\u0441\u043a\u043e\u0435 \u043f\u0440\u0430\u0432\u043e \u0432 \u043f\u0435\u0440\u0432\u0443\u044e \u043e\u0447\u0435\u0440\u0435\u0434\u044c \u0440\u0435\u0433\u0443\u043b\u0438\u0440\u0443\u0435\u0442\u0441\u044f \u0413\u0440\u0430\u0436\u0434\u0430\u043d\u0441\u043a\u0438\u043c \u043a\u043e\u0434\u0435\u043a\u0441\u043e\u043c (\u0413\u041a). \u041a\u0440\u043e\u043c\u0435 \u0442\u043e\u0433\u043e, \u0441\u0443\u0449\u0435\u0441\u0442\u0432\u0443\u0435\u0442 \u0446\u0435\u043b\u044b\u0439 \u0440\u044f\u0434 \u043f\u043e\u043b\u043e\u0436\u0435\u043d\u0438\u0439 \u043e \u0440\u0435\u0433\u0443\u043b\u0438\u0440\u043e\u0432\u0430\u043d\u0438\u0438 \u0432 \u0441\u043f\u0435\u0446\u0438\u0430\u043b\u044c\u043d\u044b\u0445 \u0437\u0430\u043a\u043e\u043d\u0430\u0445, \u043f\u043e\u043b\u043d\u044b\u0439 \u0441\u043f\u0438\u0441\u043e\u043a \u043a\u043e\u0442\u043e\u0440\u044b\u0445 \u043c\u044b \u043d\u0435 \u043c\u043e\u0436\u0435\u043c \u0437\u0434\u0435\u0441\u044c [&hellip;]<\/p>\n","protected":false},"author":3,"featured_media":721,"parent":0,"menu_order":0,"comment_status":"closed","ping_status":"closed","template":"unterseite.php","meta":{"_et_pb_use_builder":"on","_et_pb_old_content":"[et_pb_section fb_built=\"1\" specialty=\"on\" _builder_version=\"4.6.1\" _module_preset=\"default\"][et_pb_column type=\"3_4\" specialty_columns=\"3\" _builder_version=\"3.25\" custom_padding=\"|||\" custom_padding__hover=\"|||\"][et_pb_row_inner _builder_version=\"4.1\"][et_pb_column_inner saved_specialty_column_type=\"3_4\" _builder_version=\"4.1\"][et_pb_text admin_label=\"Zivilrecht \/ Forderungsmanagment\" module_class=\"bluem-img\" _builder_version=\"4.6.1\" hover_enabled=\"0\" sticky_enabled=\"0\"]<p>Das allgemeine Zivilrecht regelt die Rechtsverh\u00e4ltnisse von juristischen und nat\u00fcrlichen Personen untereinander. Das Zivilrecht ist in erster Linie im B\u00fcrgerlichen Gesetzbuch (BGB) geregelt, dar\u00fcber hinaus existiert jedoch noch eine Reihe von Sonderregelungen in Spezialgesetzen, die hier nicht alle aufgez\u00e4hlt\r\nwerden k\u00f6nnen. Zum allgemeinen Zivilrecht geh\u00f6rt z.B. das Kaufvertrags- und Werkvertragsrecht, B\u00fcrgschaftsrecht oder Schenkung. Zum allgemeinen Zivilrecht geh\u00f6rt unter anderem das Schadenersatzrecht und Bereicherungsrecht. Das Zivilgericht und das Zivilgerichtsverfahren bilden die Basis jeder juristischen Ausbildung, so dass wir in der Lage sind, Sie auf diesem Gebiet kompetent zu beraten und au\u00dfergerichtlich sowie gerichtlich zu vertreten.\r\n\r\nHaben Sie Schuldner, die nicht zahlen? Unter Forderungsmanagement wird ein effektives Verfahren zur Forderungsbeitreibung verstanden. Von Erstellung der Mahnschreiben bis hin zur Zwangsvollstreckung - wir \u00fcbernehmen f\u00fcr Sie diese Auftr\u00e4ge, damit Sie entlastet werden und sich auf ihr Kerngesch\u00e4ft konzentrieren k\u00f6nnen. Die Anw\u00e4lte erreichen in der Regel h\u00f6here Erfolgsquoten, als die firmeneigene Mahnabteilungen oder Inkassounternehmen.\r\nKonkret hei\u00dft es f\u00fcr Sie, dass wir Folgendes \u00fcbernehmen:<\/p>\r\n<ul class=\"liste\">\r\n<li>anwaltliches Mahnschreiben<\/li>\r\n<li>gerichtliches Mahnverfahren oder Klageverfahren<\/li>\r\n<li>Ratenzahlungsvereinbarung<\/li>\r\n<li>Vergleichsverhandlung<\/li>\r\n<li>Forderungsanmeldung, Geltendmachung von Aus- und Absonderungsrechten im Insolvenzverfahren<\/li>\r\n<li>Aufenthaltsermittlung<\/li>\r\n<li>Strafanzeige<\/li>\r\n<li>Bonit\u00e4tspr\u00fcfung<\/li>\r\n<li>Firmen- und Personenauskunft<\/li>\r\n<ul>[\/et_pb_text][\/et_pb_column_inner][\/et_pb_row_inner][\/et_pb_column][et_pb_column type=\"1_4\" _builder_version=\"3.25\" custom_padding=\"|||\" custom_padding__hover=\"|||\"][et_pb_sidebar area=\"sidebar-1\" _builder_version=\"4.6.1\" _module_preset=\"default\"][\/et_pb_sidebar][\/et_pb_column][\/et_pb_section]","_et_gb_content_width":"","footnotes":""},"class_list":["post-762","page","type-page","status-publish","has-post-thumbnail","hentry"],"yoast_head":"<!-- This site is optimized with the Yoast SEO plugin v15.1 - https:\/\/yoast.com\/wordpress\/plugins\/seo\/ -->\n<title>\u0413\u0440\u0430\u0436\u0434\u0430\u043d\u0441\u043a\u043e\u0435 \u043f\u0440\u0430\u0432\u043e \/ \u0423\u043f\u0440\u0430\u0432\u043b\u0435\u043d\u0438\u0435 - Kanzlei Bl\u00fcm<\/title>\n<meta name=\"robots\" content=\"index, follow, max-snippet:-1, max-image-preview:large, max-video-preview:-1\" \/>\n<link rel=\"canonical\" href=\"https:\/\/kanzlei-bluem.de\/ru\/zivilrecht-forderungsmanagment\/\" \/>\n<meta property=\"og:locale\" content=\"ru_RU\" \/>\n<meta property=\"og:type\" content=\"article\" \/>\n<meta property=\"og:title\" content=\"\u0413\u0440\u0430\u0436\u0434\u0430\u043d\u0441\u043a\u043e\u0435 \u043f\u0440\u0430\u0432\u043e \/ \u0423\u043f\u0440\u0430\u0432\u043b\u0435\u043d\u0438\u0435 - Kanzlei Bl\u00fcm\" \/>\n<meta property=\"og:description\" content=\"[et_pb_section fb_built=&#187;1&#8243; specialty=&#187;on&#187; _builder_version=&#187;4.6.1&#8243; _module_preset=&#187;default&#187;][et_pb_column type=&#187;3_4&#8243; specialty_columns=&#187;3&#8243; _builder_version=&#187;3.25&#8243; custom_padding=&#187;|||&#187; custom_padding__hover=&#187;|||&#187;][et_pb_row_inner _builder_version=&#187;4.1&#8243;][et_pb_column_inner saved_specialty_column_type=&#187;3_4&#8243; _builder_version=&#187;4.1&#8243;][et_pb_text admin_label=&#187;Zivilrecht \/ Forderungsmanagment&#187; module_class=&#187;start-img&#187; _builder_version=&#187;4.6.1&#8243;] \u041e\u0431\u0449\u0435\u0435 \u0433\u0440\u0430\u0436\u0434\u0430\u043d\u0441\u043a\u043e\u0435 \u043f\u0440\u0430\u0432\u043e \u0440\u0435\u0433\u0443\u043b\u0438\u0440\u0443\u0435\u0442 \u043f\u0440\u0430\u0432\u043e\u0432\u044b\u0435 \u043e\u0442\u043d\u043e\u0448\u0435\u043d\u0438\u044f \u044e\u0440\u0438\u0434\u0438\u0447\u0435\u0441\u043a\u0438\u0445 \u0438 \u0444\u0438\u0437\u0438\u0447\u0435\u0441\u043a\u0438\u0445 \u043b\u0438\u0446. \u0413\u0440\u0430\u0436\u0434\u0430\u043d\u0441\u043a\u043e\u0435 \u043f\u0440\u0430\u0432\u043e \u0432 \u043f\u0435\u0440\u0432\u0443\u044e \u043e\u0447\u0435\u0440\u0435\u0434\u044c \u0440\u0435\u0433\u0443\u043b\u0438\u0440\u0443\u0435\u0442\u0441\u044f \u0413\u0440\u0430\u0436\u0434\u0430\u043d\u0441\u043a\u0438\u043c \u043a\u043e\u0434\u0435\u043a\u0441\u043e\u043c (\u0413\u041a). \u041a\u0440\u043e\u043c\u0435 \u0442\u043e\u0433\u043e, \u0441\u0443\u0449\u0435\u0441\u0442\u0432\u0443\u0435\u0442 \u0446\u0435\u043b\u044b\u0439 \u0440\u044f\u0434 \u043f\u043e\u043b\u043e\u0436\u0435\u043d\u0438\u0439 \u043e \u0440\u0435\u0433\u0443\u043b\u0438\u0440\u043e\u0432\u0430\u043d\u0438\u0438 \u0432 \u0441\u043f\u0435\u0446\u0438\u0430\u043b\u044c\u043d\u044b\u0445 \u0437\u0430\u043a\u043e\u043d\u0430\u0445, \u043f\u043e\u043b\u043d\u044b\u0439 \u0441\u043f\u0438\u0441\u043e\u043a \u043a\u043e\u0442\u043e\u0440\u044b\u0445 \u043c\u044b \u043d\u0435 \u043c\u043e\u0436\u0435\u043c \u0437\u0434\u0435\u0441\u044c [&hellip;]\" \/>\n<meta property=\"og:url\" content=\"https:\/\/kanzlei-bluem.de\/ru\/zivilrecht-forderungsmanagment\/\" \/>\n<meta property=\"og:site_name\" content=\"Kanzlei Bl\u00fcm\" \/>\n<meta property=\"article:modified_time\" content=\"2021-07-19T12:23:04+00:00\" \/>\n<meta property=\"og:image\" content=\"https:\/\/kanzlei-bluem.de\/wp-content\/uploads\/2020\/07\/teaser06.jpg\" \/>\n\t<meta property=\"og:image:width\" content=\"700\" \/>\n\t<meta property=\"og:image:height\" content=\"323\" \/>\n<meta name=\"twitter:card\" content=\"summary_large_image\" \/>\n<script type=\"application\/ld+json\" class=\"yoast-schema-graph\">{\"@context\":\"https:\/\/schema.org\",\"@graph\":[{\"@type\":\"WebSite\",\"@id\":\"https:\/\/kanzlei-bluem.de\/ru\/#website\",\"url\":\"https:\/\/kanzlei-bluem.de\/ru\/\",\"name\":\"Kanzlei Bl\\u00fcm\",\"description\":\"Rechtsanwaltskanzlei\",\"potentialAction\":[{\"@type\":\"SearchAction\",\"target\":\"https:\/\/kanzlei-bluem.de\/ru\/?s={search_term_string}\",\"query-input\":\"required name=search_term_string\"}],\"inLanguage\":\"ru-RU\"},{\"@type\":\"ImageObject\",\"@id\":\"https:\/\/kanzlei-bluem.de\/ru\/zivilrecht-forderungsmanagment\/#primaryimage\",\"inLanguage\":\"ru-RU\",\"url\":\"https:\/\/kanzlei-bluem.de\/wp-content\/uploads\/2020\/07\/teaser06.jpg\",\"width\":700,\"height\":323,\"caption\":\"D\\u00fcsseldorf\"},{\"@type\":\"WebPage\",\"@id\":\"https:\/\/kanzlei-bluem.de\/ru\/zivilrecht-forderungsmanagment\/#webpage\",\"url\":\"https:\/\/kanzlei-bluem.de\/ru\/zivilrecht-forderungsmanagment\/\",\"name\":\"\\u0413\\u0440\\u0430\\u0436\\u0434\\u0430\\u043d\\u0441\\u043a\\u043e\\u0435 \\u043f\\u0440\\u0430\\u0432\\u043e \/ \\u0423\\u043f\\u0440\\u0430\\u0432\\u043b\\u0435\\u043d\\u0438\\u0435 - Kanzlei Bl\\u00fcm\",\"isPartOf\":{\"@id\":\"https:\/\/kanzlei-bluem.de\/ru\/#website\"},\"primaryImageOfPage\":{\"@id\":\"https:\/\/kanzlei-bluem.de\/ru\/zivilrecht-forderungsmanagment\/#primaryimage\"},\"datePublished\":\"2020-10-09T09:09:30+00:00\",\"dateModified\":\"2021-07-19T12:23:04+00:00\",\"breadcrumb\":{\"@id\":\"https:\/\/kanzlei-bluem.de\/ru\/zivilrecht-forderungsmanagment\/#breadcrumb\"},\"inLanguage\":\"ru-RU\",\"potentialAction\":[{\"@type\":\"ReadAction\",\"target\":[\"https:\/\/kanzlei-bluem.de\/ru\/zivilrecht-forderungsmanagment\/\"]}]},{\"@type\":\"BreadcrumbList\",\"@id\":\"https:\/\/kanzlei-bluem.de\/ru\/zivilrecht-forderungsmanagment\/#breadcrumb\",\"itemListElement\":[{\"@type\":\"ListItem\",\"position\":1,\"item\":{\"@type\":\"WebPage\",\"@id\":\"https:\/\/kanzlei-bluem.de\/\",\"url\":\"https:\/\/kanzlei-bluem.de\/\",\"name\":\"Startseite\"}},{\"@type\":\"ListItem\",\"position\":2,\"item\":{\"@type\":\"WebPage\",\"@id\":\"https:\/\/kanzlei-bluem.de\/ru\/zivilrecht-forderungsmanagment\/\",\"url\":\"https:\/\/kanzlei-bluem.de\/ru\/zivilrecht-forderungsmanagment\/\",\"name\":\"\\u0413\\u0440\\u0430\\u0436\\u0434\\u0430\\u043d\\u0441\\u043a\\u043e\\u0435 \\u043f\\u0440\\u0430\\u0432\\u043e \/ \\u0423\\u043f\\u0440\\u0430\\u0432\\u043b\\u0435\\u043d\\u0438\\u0435\"}}]}]}<\/script>\n<!-- \/ Yoast SEO plugin. -->","_links":{"self":[{"href":"https:\/\/kanzlei-bluem.de\/ru\/wp-json\/wp\/v2\/pages\/762\/"}],"collection":[{"href":"https:\/\/kanzlei-bluem.de\/ru\/wp-json\/wp\/v2\/pages\/"}],"about":[{"href":"https:\/\/kanzlei-bluem.de\/ru\/wp-json\/wp\/v2\/types\/page\/"}],"author":[{"embeddable":true,"href":"https:\/\/kanzlei-bluem.de\/ru\/wp-json\/wp\/v2\/users\/3\/"}],"replies":[{"embeddable":true,"href":"https:\/\/kanzlei-bluem.de\/ru\/wp-json\/wp\/v2\/comments\/?post=762"}],"version-history":[{"count":7,"href":"https:\/\/kanzlei-bluem.de\/ru\/wp-json\/wp\/v2\/pages\/762\/revisions\/"}],"predecessor-version":[{"id":1058,"href":"https:\/\/kanzlei-bluem.de\/ru\/wp-json\/wp\/v2\/pages\/762\/revisions\/1058\/"}],"wp:featuredmedia":[{"embeddable":true,"href":"https:\/\/kanzlei-bluem.de\/ru\/wp-json\/wp\/v2\/media\/721\/"}],"wp:attachment":[{"href":"https:\/\/kanzlei-bluem.de\/ru\/wp-json\/wp\/v2\/media\/?parent=762"}],"curies":[{"name":"wp","href":"https:\/\/api.w.org\/{rel}","templated":true}]}}