{"id":761,"date":"2020-10-09T09:08:29","date_gmt":"2020-10-09T09:08:29","guid":{"rendered":"https:\/\/kanzlei-bluem.aw003.de\/?page_id=761"},"modified":"2021-07-19T12:04:11","modified_gmt":"2021-07-19T12:04:11","slug":"verkehrsrecht","status":"publish","type":"page","link":"https:\/\/kanzlei-bluem.de\/ru\/verkehrsrecht\/","title":{"rendered":"\u0422\u0440\u0430\u043d\u0441\u043f\u043e\u0440\u0442\u043d\u043e\u0435 \u043f\u0440\u0430\u0432\u043e"},"content":{"rendered":"<p>[et_pb_section fb_built=&#187;1&#8243; specialty=&#187;on&#187; _builder_version=&#187;4.6.1&#8243; _module_preset=&#187;default&#187;][et_pb_column type=&#187;3_4&#8243; specialty_columns=&#187;3&#8243; _builder_version=&#187;3.25&#8243; custom_padding=&#187;|||&#187; custom_padding__hover=&#187;|||&#187;][et_pb_row_inner _builder_version=&#187;4.1&#8243;][et_pb_column_inner saved_specialty_column_type=&#187;3_4&#8243; _builder_version=&#187;4.1&#8243;][et_pb_text admin_label=&#187;VERKEHRSRECHT&#187; module_class=&#187;bluem-img&#187; _builder_version=&#187;4.6.1&#8243;]\u0415\u0441\u043b\u0438 \u0412\u044b \u043f\u043e\u043f\u0430\u043b\u0438 \u0432 \u0434\u043e\u0440\u043e\u0436\u043d\u043e-\u0442\u0440\u0430\u043d\u0441\u043f\u043e\u0440\u0442\u043d\u043e\u0435 \u043f\u0440\u043e\u0438\u0441\u0448\u0435\u0441\u0442\u0432\u0438\u0435, \u043c\u044b \u0440\u0435\u043a\u043e\u043c\u0435\u043d\u0434\u0443\u0435\u043c \u0443\u0440\u0435\u0433\u0443\u043b\u0438\u0440\u043e\u0432\u0430\u0442\u044c \u0432\u043e\u043f\u0440\u043e\u0441 \u043e\u0431 \u0443\u0449\u0435\u0440\u0431\u0435 \u0447\u0435\u0440\u0435\u0437 \u0430\u0434\u0432\u043e\u043a\u0430\u0442\u0430 \u0434\u0430\u0436\u0435 \u0432 \u0442\u043e\u043c \u0441\u043b\u0443\u0447\u0430\u0435, \u0435\u0441\u043b\u0438 \u043d\u0430 \u043f\u0435\u0440\u0432\u044b\u0439 \u0432\u0437\u0433\u043b\u044f\u0434 \u0441\u043b\u0443\u0447\u0430\u0439 \u043a\u0430\u0436\u0435\u0442\u0441\u044f \u0412\u0430\u043c \u043f\u0440\u043e\u0441\u0442\u044b\u043c \u0438 \u0432\u044b\u0433\u043e\u0434\u043d\u044b\u043c. \u0412\u043e \u0438\u0437\u0431\u0435\u0436\u0430\u043d\u0438\u0435 \u0432\u043e\u0437\u043c\u043e\u0436\u043d\u044b\u0445 \u043d\u0435\u043e\u0436\u0438\u0434\u0430\u043d\u043d\u043e\u0441\u0442\u0435\u0439 \u0438 \u0447\u0442\u043e\u0431\u044b \u043d\u0435 \u0437\u0430\u043f\u0443\u0442\u0430\u0442\u044c\u0441\u044f \u0432 \u043f\u0440\u043e\u0442\u0438\u0432\u043e\u0440\u0435\u0447\u0438\u0432\u044b\u0445 \u043f\u043e\u043a\u0430\u0437\u0430\u043d\u0438\u044f\u0445, \u043d\u0430\u0439\u043c\u0438\u0442\u0435 \u0430\u0434\u0432\u043e\u043a\u0430\u0442\u0430, \u043a\u043e\u0442\u043e\u0440\u044b\u0439 \u0432\u043c\u0435\u0441\u0442\u043e \u0432\u0430\u0441 \u0431\u0443\u0434\u0435\u0442 \u043e\u0431\u0449\u0430\u0442\u044c\u0441\u044f \u0441 \u0443\u0447\u0430\u0441\u0442\u043d\u0438\u043a\u0430\u043c\u0438 \u0414\u0422\u041f.<\/p>\n<p>\u041c\u044b \u043f\u0440\u0435\u0434\u043e\u0441\u0442\u0430\u0432\u0438\u043c \u0440\u0435\u0430\u043b\u0438\u0441\u0442\u0438\u0447\u043d\u0443\u044e \u043e\u0446\u0435\u043d\u043a\u0443, \u043d\u0430 \u043a\u0430\u043a\u043e\u0435 \u0432\u043e\u0437\u043c\u0435\u0449\u0435\u043d\u0438\u0435 \u0443\u0449\u0435\u0440\u0431\u0430 \u0412\u044b \u043c\u043e\u0436\u0435\u0442\u0435 \u0440\u0430\u0441\u0441\u0447\u0438\u0442\u044b\u0432\u0430\u0442\u044c \u0438 \u043a\u0430\u043a \u0412\u044b \u043c\u043e\u0436\u0435\u0442\u0435 \u043e\u0441\u0443\u0449\u0435\u0441\u0442\u0432\u0438\u0442\u044c \u0441\u0432\u043e\u0438 \u043f\u0440\u0430\u0432\u0430 \u0432 \u043e\u0442\u043d\u043e\u0448\u0435\u043d\u0438\u0438 \u043f\u043e\u0442\u0435\u0440\u043f\u0435\u0432\u0448\u0435\u0433\u043e, \u0430 \u0442\u0430\u043a\u0436\u0435<\/p>\n<ul class=\"liste\">\n<li>\u0443\u0440\u0435\u0433\u0443\u043b\u0438\u0440\u0443\u0435\u043c \u0432\u043e\u043f\u0440\u043e\u0441\u044b \u043e \u043f\u043e\u0432\u0440\u0435\u0436\u0434\u0435\u043d\u0438\u044f\u0445 \u0432 \u0440\u0435\u0437\u0443\u043b\u044c\u0442\u0430\u0442\u0435 \u0414\u0422\u041f \u0441\u0432\u044f\u0436\u0435\u043c\u0441\u044f \u0441\u043e \u0441\u0442\u0440\u0430\u0445\u043e\u0432\u043e\u0439 \u043a\u043e\u043c\u043f\u0430\u043d\u0438\u0435\u0439 \u043f\u043e \u0441\u0442\u0440\u0430\u0445\u043e\u0432\u0430\u043d\u0438\u044e \u0433\u0440\u0430\u0436\u0434\u0430\u043d\u0441\u043a\u043e\u0439<\/li>\n<li>\u043e\u0442\u0432\u0435\u0442\u0441\u0442\u0432\u0435\u043d\u043d\u043e\u0441\u0442\u0438 \u043f\u0440\u043e\u0442\u0438\u0432\u043d\u043e\u0439 \u0441\u0442\u043e\u0440\u043e\u043d\u044b, \u043b\u0438\u0437\u0438\u043d\u0433\u043e\u0434\u0430\u0442\u0435\u043b\u0435\u043c \u0438\u043b\u0438 \u0441 \u043e\u0431\u044b\u0447\u043d\u043e\u0439 \u0441\u0442\u0440\u0430\u0445\u043e\u0432\u043e\u0439 \u043a\u043e\u043c\u043f\u0430\u043d\u0438\u0435\u0439.<\/li>\n<\/ul>\n<p>\u041c\u044b \u0433\u043e\u0442\u043e\u0432\u044b \u043f\u0440\u0435\u0434\u0441\u0442\u0430\u0432\u043b\u044f\u0442\u044c \u0412\u0430\u0448\u0438 \u0438\u043d\u0442\u0435\u0440\u0435\u0441\u044b:<\/p>\n<ul class=\"liste\">\n<li>\u043f\u0440\u0438 \u0443\u0440\u0435\u0433\u0443\u043b\u0438\u0440\u043e\u0432\u0430\u043d\u0438\u0438 \u0432\u043e\u043f\u0440\u043e\u0441\u043e\u0432 \u043e \u0432\u043e\u0437\u043c\u0435\u0449\u0435\u043d\u0438\u0438 \u0432\u0440\u0435\u0434\u0430, \u0443\u0449\u0435\u0440\u0431\u0430 \u0438\u043b\u0438 \u0443\u0431\u044b\u0442\u043a\u043e\u0432 \u0432 \u0441\u0443\u0434\u0435\u0431\u043d\u043e\u043c \u0438\/\u0438\u043b\u0438 \u0432\u043d\u0435\u0441\u0443\u0434\u0435\u0431\u043d\u043e\u043c \u043f\u043e\u0440\u044f\u0434\u043a\u0435<\/li>\n<li>\u0432 \u0441\u043b\u0443\u0447\u0430\u0435 \u043e\u0431\u0432\u0438\u043d\u0435\u043d\u0438\u044f \u0432 \u043d\u0430\u0440\u0443\u0448\u0435\u043d\u0438\u0438 \u043e\u0431\u0449\u0435\u0441\u0442\u0432\u0435\u043d\u043d\u043e\u0433\u043e \u043f\u043e\u0440\u044f\u0434\u043a\u0430 \u0432 \u0441\u0443\u0434\u0435\u0431\u043d\u043e\u043c \u0438\/\u0438\u043b\u0438 \u0432\u043d\u0435\u0441\u0443\u0434\u0435\u0431\u043d\u043e\u043c \u043f\u043e\u0440\u044f\u0434\u043a\u0435<\/li>\n<\/ul>\n<p>[\/et_pb_text][\/et_pb_column_inner][\/et_pb_row_inner][\/et_pb_column][et_pb_column type=&#187;1_4&#8243; _builder_version=&#187;3.25&#8243; custom_padding=&#187;|||&#187; custom_padding__hover=&#187;|||&#187;][et_pb_sidebar area=&#187;sidebar-1&#8243; _builder_version=&#187;4.6.1&#8243; _module_preset=&#187;default&#187;][\/et_pb_sidebar][\/et_pb_column][\/et_pb_section]<\/p>\n","protected":false},"excerpt":{"rendered":"<p>[et_pb_section fb_built=&#187;1&#8243; specialty=&#187;on&#187; _builder_version=&#187;4.6.1&#8243; _module_preset=&#187;default&#187;][et_pb_column type=&#187;3_4&#8243; specialty_columns=&#187;3&#8243; _builder_version=&#187;3.25&#8243; custom_padding=&#187;|||&#187; custom_padding__hover=&#187;|||&#187;][et_pb_row_inner _builder_version=&#187;4.1&#8243;][et_pb_column_inner saved_specialty_column_type=&#187;3_4&#8243; _builder_version=&#187;4.1&#8243;][et_pb_text admin_label=&#187;VERKEHRSRECHT&#187; module_class=&#187;bluem-img&#187; _builder_version=&#187;4.6.1&#8243;]\u0415\u0441\u043b\u0438 \u0412\u044b \u043f\u043e\u043f\u0430\u043b\u0438 \u0432 \u0434\u043e\u0440\u043e\u0436\u043d\u043e-\u0442\u0440\u0430\u043d\u0441\u043f\u043e\u0440\u0442\u043d\u043e\u0435 \u043f\u0440\u043e\u0438\u0441\u0448\u0435\u0441\u0442\u0432\u0438\u0435, \u043c\u044b \u0440\u0435\u043a\u043e\u043c\u0435\u043d\u0434\u0443\u0435\u043c \u0443\u0440\u0435\u0433\u0443\u043b\u0438\u0440\u043e\u0432\u0430\u0442\u044c \u0432\u043e\u043f\u0440\u043e\u0441 \u043e\u0431 \u0443\u0449\u0435\u0440\u0431\u0435 \u0447\u0435\u0440\u0435\u0437 \u0430\u0434\u0432\u043e\u043a\u0430\u0442\u0430 \u0434\u0430\u0436\u0435 \u0432 \u0442\u043e\u043c \u0441\u043b\u0443\u0447\u0430\u0435, \u0435\u0441\u043b\u0438 \u043d\u0430 \u043f\u0435\u0440\u0432\u044b\u0439 \u0432\u0437\u0433\u043b\u044f\u0434 \u0441\u043b\u0443\u0447\u0430\u0439 \u043a\u0430\u0436\u0435\u0442\u0441\u044f \u0412\u0430\u043c \u043f\u0440\u043e\u0441\u0442\u044b\u043c \u0438 \u0432\u044b\u0433\u043e\u0434\u043d\u044b\u043c. \u0412\u043e \u0438\u0437\u0431\u0435\u0436\u0430\u043d\u0438\u0435 \u0432\u043e\u0437\u043c\u043e\u0436\u043d\u044b\u0445 \u043d\u0435\u043e\u0436\u0438\u0434\u0430\u043d\u043d\u043e\u0441\u0442\u0435\u0439 \u0438 \u0447\u0442\u043e\u0431\u044b \u043d\u0435 \u0437\u0430\u043f\u0443\u0442\u0430\u0442\u044c\u0441\u044f \u0432 \u043f\u0440\u043e\u0442\u0438\u0432\u043e\u0440\u0435\u0447\u0438\u0432\u044b\u0445 \u043f\u043e\u043a\u0430\u0437\u0430\u043d\u0438\u044f\u0445, \u043d\u0430\u0439\u043c\u0438\u0442\u0435 [&hellip;]<\/p>\n","protected":false},"author":3,"featured_media":721,"parent":0,"menu_order":0,"comment_status":"closed","ping_status":"closed","template":"unterseite.php","meta":{"_et_pb_use_builder":"on","_et_pb_old_content":"[et_pb_section fb_built=\"1\" specialty=\"on\" _builder_version=\"4.6.1\" _module_preset=\"default\"][et_pb_column type=\"3_4\" specialty_columns=\"3\" _builder_version=\"3.25\" custom_padding=\"|||\" custom_padding__hover=\"|||\"][et_pb_row_inner _builder_version=\"4.1\"][et_pb_column_inner saved_specialty_column_type=\"3_4\" _builder_version=\"4.1\"][et_pb_text admin_label=\"VERKEHRSRECHT\" module_class=\"bluem-img\" _builder_version=\"4.6.1\" hover_enabled=\"0\" sticky_enabled=\"0\"]<p>Wenn Sie in einen Verkehrsunfall verwickelt werden, so empfiehlt es sich, den Schaden durch einen Anwalt regulieren zu lassen, selbst wenn der Fall zun\u00e4chst einfach und g\u00fcnstig f\u00fcr Sie zu sein scheint. Um m\u00f6gliche \u00dcberraschungen zu vermeiden, um sich in die widerspr\u00fcchlichen Aussagen nicht zu verstricken, beauftragen Sie einen Rechtsanwalt, der f\u00fcr sie mit den Beteiligten des Verkehrsunfalls kommuniziert.\r\n\r\nWir sch\u00e4tzen realistisch ein, welche Schadensersatzanspr\u00fcche Ihnen zustehen und wie Sie diese gegen\u00fcber dem Gesch\u00e4digten durchsetzen.\r\n\r\nWir regulieren Ihren Unfallschadenschaden und setzen uns mit der gegnerischen Haftpflichtversicherung, mit Leasinggeber bzw. mit Ihrer Versicherung in Verbindung. Wir vertreten Sie:<\/p>\r\n<ul class=\"liste\">\r\n<li>bei den Schadensregulierungen au\u00dfergerichtlich und\/oder gerichtlich<\/li>\r\n<li>beim Vorwurf der Ordnungswidrigkeit au\u00dfergerichtlich und\/oder gerichtlich<\/li>\r\n<\/ul>[\/et_pb_text][\/et_pb_column_inner][\/et_pb_row_inner][\/et_pb_column][et_pb_column type=\"1_4\" _builder_version=\"3.25\" custom_padding=\"|||\" custom_padding__hover=\"|||\"][et_pb_sidebar area=\"sidebar-1\" _builder_version=\"4.6.1\" _module_preset=\"default\"][\/et_pb_sidebar][\/et_pb_column][\/et_pb_section]","_et_gb_content_width":"","footnotes":""},"class_list":["post-761","page","type-page","status-publish","has-post-thumbnail","hentry"],"yoast_head":"<!-- This site is optimized with the Yoast SEO plugin v15.1 - https:\/\/yoast.com\/wordpress\/plugins\/seo\/ -->\n<title>\u0422\u0440\u0430\u043d\u0441\u043f\u043e\u0440\u0442\u043d\u043e\u0435 \u043f\u0440\u0430\u0432\u043e - Kanzlei Bl\u00fcm<\/title>\n<meta name=\"robots\" content=\"index, follow, max-snippet:-1, max-image-preview:large, max-video-preview:-1\" \/>\n<link rel=\"canonical\" href=\"https:\/\/kanzlei-bluem.de\/ru\/verkehrsrecht\/\" \/>\n<meta property=\"og:locale\" content=\"ru_RU\" \/>\n<meta property=\"og:type\" content=\"article\" \/>\n<meta property=\"og:title\" content=\"\u0422\u0440\u0430\u043d\u0441\u043f\u043e\u0440\u0442\u043d\u043e\u0435 \u043f\u0440\u0430\u0432\u043e - Kanzlei Bl\u00fcm\" \/>\n<meta property=\"og:description\" content=\"[et_pb_section fb_built=&#187;1&#8243; specialty=&#187;on&#187; _builder_version=&#187;4.6.1&#8243; _module_preset=&#187;default&#187;][et_pb_column type=&#187;3_4&#8243; specialty_columns=&#187;3&#8243; _builder_version=&#187;3.25&#8243; custom_padding=&#187;|||&#187; custom_padding__hover=&#187;|||&#187;][et_pb_row_inner _builder_version=&#187;4.1&#8243;][et_pb_column_inner saved_specialty_column_type=&#187;3_4&#8243; _builder_version=&#187;4.1&#8243;][et_pb_text admin_label=&#187;VERKEHRSRECHT&#187; module_class=&#187;bluem-img&#187; _builder_version=&#187;4.6.1&#8243;]\u0415\u0441\u043b\u0438 \u0412\u044b \u043f\u043e\u043f\u0430\u043b\u0438 \u0432 \u0434\u043e\u0440\u043e\u0436\u043d\u043e-\u0442\u0440\u0430\u043d\u0441\u043f\u043e\u0440\u0442\u043d\u043e\u0435 \u043f\u0440\u043e\u0438\u0441\u0448\u0435\u0441\u0442\u0432\u0438\u0435, \u043c\u044b \u0440\u0435\u043a\u043e\u043c\u0435\u043d\u0434\u0443\u0435\u043c \u0443\u0440\u0435\u0433\u0443\u043b\u0438\u0440\u043e\u0432\u0430\u0442\u044c \u0432\u043e\u043f\u0440\u043e\u0441 \u043e\u0431 \u0443\u0449\u0435\u0440\u0431\u0435 \u0447\u0435\u0440\u0435\u0437 \u0430\u0434\u0432\u043e\u043a\u0430\u0442\u0430 \u0434\u0430\u0436\u0435 \u0432 \u0442\u043e\u043c \u0441\u043b\u0443\u0447\u0430\u0435, \u0435\u0441\u043b\u0438 \u043d\u0430 \u043f\u0435\u0440\u0432\u044b\u0439 \u0432\u0437\u0433\u043b\u044f\u0434 \u0441\u043b\u0443\u0447\u0430\u0439 \u043a\u0430\u0436\u0435\u0442\u0441\u044f \u0412\u0430\u043c \u043f\u0440\u043e\u0441\u0442\u044b\u043c \u0438 \u0432\u044b\u0433\u043e\u0434\u043d\u044b\u043c. \u0412\u043e \u0438\u0437\u0431\u0435\u0436\u0430\u043d\u0438\u0435 \u0432\u043e\u0437\u043c\u043e\u0436\u043d\u044b\u0445 \u043d\u0435\u043e\u0436\u0438\u0434\u0430\u043d\u043d\u043e\u0441\u0442\u0435\u0439 \u0438 \u0447\u0442\u043e\u0431\u044b \u043d\u0435 \u0437\u0430\u043f\u0443\u0442\u0430\u0442\u044c\u0441\u044f \u0432 \u043f\u0440\u043e\u0442\u0438\u0432\u043e\u0440\u0435\u0447\u0438\u0432\u044b\u0445 \u043f\u043e\u043a\u0430\u0437\u0430\u043d\u0438\u044f\u0445, \u043d\u0430\u0439\u043c\u0438\u0442\u0435 [&hellip;]\" \/>\n<meta property=\"og:url\" content=\"https:\/\/kanzlei-bluem.de\/ru\/verkehrsrecht\/\" \/>\n<meta property=\"og:site_name\" content=\"Kanzlei Bl\u00fcm\" \/>\n<meta property=\"article:modified_time\" content=\"2021-07-19T12:04:11+00:00\" \/>\n<meta property=\"og:image\" content=\"https:\/\/kanzlei-bluem.de\/wp-content\/uploads\/2020\/07\/teaser06.jpg\" \/>\n\t<meta property=\"og:image:width\" content=\"700\" \/>\n\t<meta property=\"og:image:height\" content=\"323\" \/>\n<meta name=\"twitter:card\" content=\"summary_large_image\" \/>\n<script type=\"application\/ld+json\" class=\"yoast-schema-graph\">{\"@context\":\"https:\/\/schema.org\",\"@graph\":[{\"@type\":\"WebSite\",\"@id\":\"https:\/\/kanzlei-bluem.de\/ru\/#website\",\"url\":\"https:\/\/kanzlei-bluem.de\/ru\/\",\"name\":\"Kanzlei Bl\\u00fcm\",\"description\":\"Rechtsanwaltskanzlei\",\"potentialAction\":[{\"@type\":\"SearchAction\",\"target\":\"https:\/\/kanzlei-bluem.de\/ru\/?s={search_term_string}\",\"query-input\":\"required name=search_term_string\"}],\"inLanguage\":\"ru-RU\"},{\"@type\":\"ImageObject\",\"@id\":\"https:\/\/kanzlei-bluem.de\/ru\/verkehrsrecht\/#primaryimage\",\"inLanguage\":\"ru-RU\",\"url\":\"https:\/\/kanzlei-bluem.de\/wp-content\/uploads\/2020\/07\/teaser06.jpg\",\"width\":700,\"height\":323,\"caption\":\"D\\u00fcsseldorf\"},{\"@type\":\"WebPage\",\"@id\":\"https:\/\/kanzlei-bluem.de\/ru\/verkehrsrecht\/#webpage\",\"url\":\"https:\/\/kanzlei-bluem.de\/ru\/verkehrsrecht\/\",\"name\":\"\\u0422\\u0440\\u0430\\u043d\\u0441\\u043f\\u043e\\u0440\\u0442\\u043d\\u043e\\u0435 \\u043f\\u0440\\u0430\\u0432\\u043e - Kanzlei Bl\\u00fcm\",\"isPartOf\":{\"@id\":\"https:\/\/kanzlei-bluem.de\/ru\/#website\"},\"primaryImageOfPage\":{\"@id\":\"https:\/\/kanzlei-bluem.de\/ru\/verkehrsrecht\/#primaryimage\"},\"datePublished\":\"2020-10-09T09:08:29+00:00\",\"dateModified\":\"2021-07-19T12:04:11+00:00\",\"breadcrumb\":{\"@id\":\"https:\/\/kanzlei-bluem.de\/ru\/verkehrsrecht\/#breadcrumb\"},\"inLanguage\":\"ru-RU\",\"potentialAction\":[{\"@type\":\"ReadAction\",\"target\":[\"https:\/\/kanzlei-bluem.de\/ru\/verkehrsrecht\/\"]}]},{\"@type\":\"BreadcrumbList\",\"@id\":\"https:\/\/kanzlei-bluem.de\/ru\/verkehrsrecht\/#breadcrumb\",\"itemListElement\":[{\"@type\":\"ListItem\",\"position\":1,\"item\":{\"@type\":\"WebPage\",\"@id\":\"https:\/\/kanzlei-bluem.de\/\",\"url\":\"https:\/\/kanzlei-bluem.de\/\",\"name\":\"Startseite\"}},{\"@type\":\"ListItem\",\"position\":2,\"item\":{\"@type\":\"WebPage\",\"@id\":\"https:\/\/kanzlei-bluem.de\/ru\/verkehrsrecht\/\",\"url\":\"https:\/\/kanzlei-bluem.de\/ru\/verkehrsrecht\/\",\"name\":\"\\u0422\\u0440\\u0430\\u043d\\u0441\\u043f\\u043e\\u0440\\u0442\\u043d\\u043e\\u0435 \\u043f\\u0440\\u0430\\u0432\\u043e\"}}]}]}<\/script>\n<!-- \/ Yoast SEO plugin. -->","_links":{"self":[{"href":"https:\/\/kanzlei-bluem.de\/ru\/wp-json\/wp\/v2\/pages\/761\/"}],"collection":[{"href":"https:\/\/kanzlei-bluem.de\/ru\/wp-json\/wp\/v2\/pages\/"}],"about":[{"href":"https:\/\/kanzlei-bluem.de\/ru\/wp-json\/wp\/v2\/types\/page\/"}],"author":[{"embeddable":true,"href":"https:\/\/kanzlei-bluem.de\/ru\/wp-json\/wp\/v2\/users\/3\/"}],"replies":[{"embeddable":true,"href":"https:\/\/kanzlei-bluem.de\/ru\/wp-json\/wp\/v2\/comments\/?post=761"}],"version-history":[{"count":6,"href":"https:\/\/kanzlei-bluem.de\/ru\/wp-json\/wp\/v2\/pages\/761\/revisions\/"}],"predecessor-version":[{"id":1053,"href":"https:\/\/kanzlei-bluem.de\/ru\/wp-json\/wp\/v2\/pages\/761\/revisions\/1053\/"}],"wp:featuredmedia":[{"embeddable":true,"href":"https:\/\/kanzlei-bluem.de\/ru\/wp-json\/wp\/v2\/media\/721\/"}],"wp:attachment":[{"href":"https:\/\/kanzlei-bluem.de\/ru\/wp-json\/wp\/v2\/media\/?parent=761"}],"curies":[{"name":"wp","href":"https:\/\/api.w.org\/{rel}","templated":true}]}}