{"id":755,"date":"2020-10-09T09:03:50","date_gmt":"2020-10-09T09:03:50","guid":{"rendered":"https:\/\/kanzlei-bluem.aw003.de\/?page_id=755"},"modified":"2020-10-09T12:08:29","modified_gmt":"2020-10-09T12:08:29","slug":"immobilienrecht","status":"publish","type":"page","link":"https:\/\/kanzlei-bluem.de\/ru\/immobilienrecht\/","title":{"rendered":"\u0437\u0430\u043a\u043e\u043d \u043e \u043d\u0435\u0434\u0432\u0438\u0436\u0438\u043c\u043e\u0441\u0442\u0438"},"content":{"rendered":"<p>[et_pb_section fb_built=&#187;1&#8243; specialty=&#187;on&#187; _builder_version=&#187;4.6.1&#8243; _module_preset=&#187;default&#187;][et_pb_column type=&#187;3_4&#8243; specialty_columns=&#187;3&#8243; _builder_version=&#187;3.25&#8243; custom_padding=&#187;|||&#187; custom_padding__hover=&#187;|||&#187;][et_pb_row_inner _builder_version=&#187;4.1&#8243;][et_pb_column_inner saved_specialty_column_type=&#187;3_4&#8243; _builder_version=&#187;4.1&#8243;][et_pb_text admin_label=&#187;Immobilienrecht&#187; module_class=&#187;bluem-img&#187; _builder_version=&#187;4.6.1&#8243;]<\/p>\n<p>Wir begleiten Sie beim Erwerb oder Verkauf der Immobilien. Wir gestalten bzw. \u00fcberpr\u00fcften die Kaufvertr\u00e4ge, die bestehenden Mietvertr\u00e4ge bei einer vermieteten Immobilie und \u00fcbernehmen beim Bedarf Verhandlungsgespr\u00e4che mit dem Vertragspartner. Zwar ist die Beurkundung der Kaufvertr\u00e4ge die Aufgabe eines Notars, da der Notar zur Neutralit\u00e4t verpflichtet ist, empfiehlt es sich, die Vertr\u00e4ge der rechtlichen Pr\u00fcfung durch einen Rechtsanwalt zu unterziehen, damit Ihre Interessen optimal vertreten sind.<\/p>\n<p>[\/et_pb_text][\/et_pb_column_inner][\/et_pb_row_inner][\/et_pb_column][et_pb_column type=&#187;1_4&#8243; _builder_version=&#187;3.25&#8243; custom_padding=&#187;|||&#187; custom_padding__hover=&#187;|||&#187;][et_pb_sidebar area=&#187;sidebar-1&#8243; _builder_version=&#187;4.6.1&#8243; _module_preset=&#187;default&#187;][\/et_pb_sidebar][\/et_pb_column][\/et_pb_section]<\/p>\n","protected":false},"excerpt":{"rendered":"<p>[et_pb_section fb_built=&#187;1&#8243; specialty=&#187;on&#187; _builder_version=&#187;4.6.1&#8243; _module_preset=&#187;default&#187;][et_pb_column type=&#187;3_4&#8243; specialty_columns=&#187;3&#8243; _builder_version=&#187;3.25&#8243; custom_padding=&#187;|||&#187; custom_padding__hover=&#187;|||&#187;][et_pb_row_inner _builder_version=&#187;4.1&#8243;][et_pb_column_inner saved_specialty_column_type=&#187;3_4&#8243; _builder_version=&#187;4.1&#8243;][et_pb_text admin_label=&#187;Immobilienrecht&#187; module_class=&#187;bluem-img&#187; _builder_version=&#187;4.6.1&#8243;] Wir begleiten Sie beim Erwerb oder Verkauf der Immobilien. Wir gestalten bzw. \u00fcberpr\u00fcften die Kaufvertr\u00e4ge, die bestehenden Mietvertr\u00e4ge bei einer vermieteten Immobilie und \u00fcbernehmen beim Bedarf Verhandlungsgespr\u00e4che mit dem Vertragspartner. Zwar ist die Beurkundung der Kaufvertr\u00e4ge die Aufgabe eines [&hellip;]<\/p>\n","protected":false},"author":3,"featured_media":721,"parent":0,"menu_order":0,"comment_status":"closed","ping_status":"closed","template":"unterseite.php","meta":{"_et_pb_use_builder":"on","_et_pb_old_content":"[et_pb_section fb_built=\"1\" specialty=\"on\" _builder_version=\"4.6.1\" _module_preset=\"default\"][et_pb_column type=\"3_4\" specialty_columns=\"3\" _builder_version=\"3.25\" custom_padding=\"|||\" custom_padding__hover=\"|||\"][et_pb_row_inner _builder_version=\"4.1\"][et_pb_column_inner saved_specialty_column_type=\"3_4\" _builder_version=\"4.1\"][et_pb_text admin_label=\"Immobilienrecht\" module_class=\"bluem-img\" _builder_version=\"4.6.1\" hover_enabled=\"0\" sticky_enabled=\"0\"]<p>Wir begleiten Sie beim Erwerb oder Verkauf der Immobilien. Wir gestalten bzw. \u00fcberpr\u00fcften die Kaufvertr\u00e4ge, die bestehenden Mietvertr\u00e4ge bei einer vermieteten Immobilie und \u00fcbernehmen beim Bedarf Verhandlungsgespr\u00e4che mit dem Vertragspartner. Zwar ist die Beurkundung der Kaufvertr\u00e4ge die Aufgabe eines Notars, da der Notar zur Neutralit\u00e4t verpflichtet ist, empfiehlt es sich, die Vertr\u00e4ge der rechtlichen Pr\u00fcfung durch einen Rechtsanwalt zu unterziehen, damit Ihre Interessen optimal vertreten sind.<\/p>[\/et_pb_text][\/et_pb_column_inner][\/et_pb_row_inner][\/et_pb_column][et_pb_column type=\"1_4\" _builder_version=\"3.25\" custom_padding=\"|||\" custom_padding__hover=\"|||\"][et_pb_sidebar area=\"sidebar-1\" _builder_version=\"4.6.1\" _module_preset=\"default\"][\/et_pb_sidebar][\/et_pb_column][\/et_pb_section]","_et_gb_content_width":"","footnotes":""},"class_list":["post-755","page","type-page","status-publish","has-post-thumbnail","hentry"],"yoast_head":"<!-- This site is optimized with the Yoast SEO plugin v15.1 - https:\/\/yoast.com\/wordpress\/plugins\/seo\/ -->\n<title>\u0437\u0430\u043a\u043e\u043d \u043e \u043d\u0435\u0434\u0432\u0438\u0436\u0438\u043c\u043e\u0441\u0442\u0438 - Kanzlei Bl\u00fcm<\/title>\n<meta name=\"robots\" content=\"index, follow, max-snippet:-1, max-image-preview:large, max-video-preview:-1\" \/>\n<link rel=\"canonical\" href=\"https:\/\/kanzlei-bluem.de\/ru\/immobilienrecht\/\" \/>\n<meta property=\"og:locale\" content=\"ru_RU\" \/>\n<meta property=\"og:type\" content=\"article\" \/>\n<meta property=\"og:title\" content=\"\u0437\u0430\u043a\u043e\u043d \u043e \u043d\u0435\u0434\u0432\u0438\u0436\u0438\u043c\u043e\u0441\u0442\u0438 - Kanzlei Bl\u00fcm\" \/>\n<meta property=\"og:description\" content=\"[et_pb_section fb_built=&#187;1&#8243; specialty=&#187;on&#187; _builder_version=&#187;4.6.1&#8243; _module_preset=&#187;default&#187;][et_pb_column type=&#187;3_4&#8243; specialty_columns=&#187;3&#8243; _builder_version=&#187;3.25&#8243; custom_padding=&#187;|||&#187; custom_padding__hover=&#187;|||&#187;][et_pb_row_inner _builder_version=&#187;4.1&#8243;][et_pb_column_inner saved_specialty_column_type=&#187;3_4&#8243; _builder_version=&#187;4.1&#8243;][et_pb_text admin_label=&#187;Immobilienrecht&#187; module_class=&#187;bluem-img&#187; _builder_version=&#187;4.6.1&#8243;] Wir begleiten Sie beim Erwerb oder Verkauf der Immobilien. Wir gestalten bzw. \u00fcberpr\u00fcften die Kaufvertr\u00e4ge, die bestehenden Mietvertr\u00e4ge bei einer vermieteten Immobilie und \u00fcbernehmen beim Bedarf Verhandlungsgespr\u00e4che mit dem Vertragspartner. Zwar ist die Beurkundung der Kaufvertr\u00e4ge die Aufgabe eines [&hellip;]\" \/>\n<meta property=\"og:url\" content=\"https:\/\/kanzlei-bluem.de\/ru\/immobilienrecht\/\" \/>\n<meta property=\"og:site_name\" content=\"Kanzlei Bl\u00fcm\" \/>\n<meta property=\"article:modified_time\" content=\"2020-10-09T12:08:29+00:00\" \/>\n<meta property=\"og:image\" content=\"https:\/\/kanzlei-bluem.de\/wp-content\/uploads\/2020\/07\/teaser06.jpg\" \/>\n\t<meta property=\"og:image:width\" content=\"700\" \/>\n\t<meta property=\"og:image:height\" content=\"323\" \/>\n<meta name=\"twitter:card\" content=\"summary_large_image\" \/>\n<script type=\"application\/ld+json\" class=\"yoast-schema-graph\">{\"@context\":\"https:\/\/schema.org\",\"@graph\":[{\"@type\":\"WebSite\",\"@id\":\"https:\/\/kanzlei-bluem.de\/ru\/#website\",\"url\":\"https:\/\/kanzlei-bluem.de\/ru\/\",\"name\":\"Kanzlei Bl\\u00fcm\",\"description\":\"Rechtsanwaltskanzlei\",\"potentialAction\":[{\"@type\":\"SearchAction\",\"target\":\"https:\/\/kanzlei-bluem.de\/ru\/?s={search_term_string}\",\"query-input\":\"required name=search_term_string\"}],\"inLanguage\":\"ru-RU\"},{\"@type\":\"ImageObject\",\"@id\":\"https:\/\/kanzlei-bluem.de\/ru\/immobilienrecht\/#primaryimage\",\"inLanguage\":\"ru-RU\",\"url\":\"https:\/\/kanzlei-bluem.de\/wp-content\/uploads\/2020\/07\/teaser06.jpg\",\"width\":700,\"height\":323,\"caption\":\"D\\u00fcsseldorf\"},{\"@type\":\"WebPage\",\"@id\":\"https:\/\/kanzlei-bluem.de\/ru\/immobilienrecht\/#webpage\",\"url\":\"https:\/\/kanzlei-bluem.de\/ru\/immobilienrecht\/\",\"name\":\"\\u0437\\u0430\\u043a\\u043e\\u043d \\u043e \\u043d\\u0435\\u0434\\u0432\\u0438\\u0436\\u0438\\u043c\\u043e\\u0441\\u0442\\u0438 - Kanzlei Bl\\u00fcm\",\"isPartOf\":{\"@id\":\"https:\/\/kanzlei-bluem.de\/ru\/#website\"},\"primaryImageOfPage\":{\"@id\":\"https:\/\/kanzlei-bluem.de\/ru\/immobilienrecht\/#primaryimage\"},\"datePublished\":\"2020-10-09T09:03:50+00:00\",\"dateModified\":\"2020-10-09T12:08:29+00:00\",\"breadcrumb\":{\"@id\":\"https:\/\/kanzlei-bluem.de\/ru\/immobilienrecht\/#breadcrumb\"},\"inLanguage\":\"ru-RU\",\"potentialAction\":[{\"@type\":\"ReadAction\",\"target\":[\"https:\/\/kanzlei-bluem.de\/ru\/immobilienrecht\/\"]}]},{\"@type\":\"BreadcrumbList\",\"@id\":\"https:\/\/kanzlei-bluem.de\/ru\/immobilienrecht\/#breadcrumb\",\"itemListElement\":[{\"@type\":\"ListItem\",\"position\":1,\"item\":{\"@type\":\"WebPage\",\"@id\":\"https:\/\/kanzlei-bluem.de\/\",\"url\":\"https:\/\/kanzlei-bluem.de\/\",\"name\":\"Startseite\"}},{\"@type\":\"ListItem\",\"position\":2,\"item\":{\"@type\":\"WebPage\",\"@id\":\"https:\/\/kanzlei-bluem.de\/ru\/immobilienrecht\/\",\"url\":\"https:\/\/kanzlei-bluem.de\/ru\/immobilienrecht\/\",\"name\":\"\\u0437\\u0430\\u043a\\u043e\\u043d \\u043e \\u043d\\u0435\\u0434\\u0432\\u0438\\u0436\\u0438\\u043c\\u043e\\u0441\\u0442\\u0438\"}}]}]}<\/script>\n<!-- \/ Yoast SEO plugin. -->","_links":{"self":[{"href":"https:\/\/kanzlei-bluem.de\/ru\/wp-json\/wp\/v2\/pages\/755\/"}],"collection":[{"href":"https:\/\/kanzlei-bluem.de\/ru\/wp-json\/wp\/v2\/pages\/"}],"about":[{"href":"https:\/\/kanzlei-bluem.de\/ru\/wp-json\/wp\/v2\/types\/page\/"}],"author":[{"embeddable":true,"href":"https:\/\/kanzlei-bluem.de\/ru\/wp-json\/wp\/v2\/users\/3\/"}],"replies":[{"embeddable":true,"href":"https:\/\/kanzlei-bluem.de\/ru\/wp-json\/wp\/v2\/comments\/?post=755"}],"version-history":[{"count":3,"href":"https:\/\/kanzlei-bluem.de\/ru\/wp-json\/wp\/v2\/pages\/755\/revisions\/"}],"predecessor-version":[{"id":837,"href":"https:\/\/kanzlei-bluem.de\/ru\/wp-json\/wp\/v2\/pages\/755\/revisions\/837\/"}],"wp:featuredmedia":[{"embeddable":true,"href":"https:\/\/kanzlei-bluem.de\/ru\/wp-json\/wp\/v2\/media\/721\/"}],"wp:attachment":[{"href":"https:\/\/kanzlei-bluem.de\/ru\/wp-json\/wp\/v2\/media\/?parent=755"}],"curies":[{"name":"wp","href":"https:\/\/api.w.org\/{rel}","templated":true}]}}