{"id":752,"date":"2020-10-09T09:02:30","date_gmt":"2020-10-09T09:02:30","guid":{"rendered":"https:\/\/kanzlei-bluem.aw003.de\/?page_id=752"},"modified":"2021-07-19T12:12:10","modified_gmt":"2021-07-19T12:12:10","slug":"immigration-erwerbstaetigkeit-auslaendischer-arbeitnehmer","status":"publish","type":"page","link":"https:\/\/kanzlei-bluem.de\/ru\/immigration-erwerbstaetigkeit-auslaendischer-arbeitnehmer\/","title":{"rendered":"\u0418\u043c\u043c\u0438\u0433\u0440\u0430\u0446\u0438\u044f\/\u0442\u0440\u0443\u0434\u043e\u0432\u0430\u044f"},"content":{"rendered":"<p>[et_pb_section fb_built=&#187;1&#8243; specialty=&#187;on&#187; _builder_version=&#187;4.6.1&#8243; _module_preset=&#187;default&#187;][et_pb_column type=&#187;3_4&#8243; specialty_columns=&#187;3&#8243; _builder_version=&#187;3.25&#8243; custom_padding=&#187;|||&#187; custom_padding__hover=&#187;|||&#187;][et_pb_row_inner _builder_version=&#187;4.1&#8243;][et_pb_column_inner saved_specialty_column_type=&#187;3_4&#8243; _builder_version=&#187;4.1&#8243;][et_pb_text admin_label=&#187;Immigration\/Erwerbst\u00e4tigkeit ausl\u00e4ndischer Arbeitnehmer&#187; module_class=&#187;bluem-img&#187; _builder_version=&#187;4.6.1&#8243;]<\/p>\n<p>\u041e\u0434\u043d\u0438\u043c \u0438\u0437 \u043d\u0430\u043f\u0440\u0430\u0432\u043b\u0435\u043d\u0438\u0439 \u043d\u0430\u0448\u0435\u0439 \u0434\u0435\u044f\u0442\u0435\u043b\u044c\u043d\u043e\u0441\u0442\u0438 \u0442\u0430\u043a\u0436\u0435 \u044f\u0432\u043b\u044f\u0435\u0442\u0441\u044f \u043a\u043e\u043d\u0441\u0443\u043b\u044c\u0442\u0438\u0440\u043e\u0432\u0430\u043d\u0438\u0435 \u0438\u043d\u043e\u0441\u0442\u0440\u0430\u043d\u043d\u044b\u0445 \u0438\u043d\u0432\u0435\u0441\u0442\u043e\u0440\u043e\u0432 \u043f\u043e \u0432\u043e\u043f\u0440\u043e\u0441\u0430\u043c \u043f\u0440\u0435\u0431\u044b\u0432\u0430\u043d\u0438\u044f \u043d\u0430 \u0442\u0435\u0440\u0440\u0438\u0442\u043e\u0440\u0438\u0438 \u0413\u0435\u0440\u043c\u0430\u043d\u0438\u0438 \u0438\u043b\u0438 \u043d\u0435\u043e\u0433\u0440\u0430\u043d\u0438\u0447\u0435\u043d\u043d\u043e\u0433\u043e \u0432\u044a\u0435\u0437\u0434\u0430 \u043d\u0430 \u0442\u0435\u0440\u0440\u0438\u0442\u043e\u0440\u0438\u044e \u0413\u0435\u0440\u043c\u0430\u043d\u0438\u0438. \u041c\u044b \u043f\u0440\u0435\u0434\u043e\u0441\u0442\u0430\u0432\u043b\u044f\u0435\u043c \u043a\u043e\u043d\u0441\u0443\u043b\u044c\u0442\u0430\u0446\u0438\u0438 \u043f\u0440\u0435\u0434\u043f\u0440\u0438\u044f\u0442\u0438\u044f\u043c \u043f\u043e \u0432\u043e\u043f\u0440\u043e\u0441\u0430\u043c \u0442\u0440\u0443\u0434\u043e\u0443\u0441\u0442\u0440\u043e\u0439\u0441\u0442\u0432\u0430 \u0438\u043d\u043e\u0441\u0442\u0440\u0430\u043d\u043d\u044b\u0445 \u0441\u043e\u0442\u0440\u0443\u0434\u043d\u0438\u043a\u043e\u0432, \u0432 \u0447\u0430\u0441\u0442\u043d\u043e\u0441\u0442\u0438, \u043f\u043e \u0432\u043e\u043f\u0440\u043e\u0441\u0430\u043c \u043f\u0440\u0430\u0432\u0430 \u043f\u0440\u043e\u0436\u0438\u0432\u0430\u043d\u0438\u044f \u043d\u0430 \u0442\u0435\u0440\u0440\u0438\u0442\u043e\u0440\u0438\u0438 \u0413\u0435\u0440\u043c\u0430\u043d\u0438\u0438. \u041c\u044b \u0442\u0430\u043a\u0436\u0435 \u043f\u0440\u0435\u0434\u043e\u0441\u0442\u0430\u0432\u043b\u044f\u0435\u043c \u043a\u043e\u043d\u0441\u0443\u043b\u044c\u0442\u0430\u0446\u0438\u0438 \u0438\u043d\u043e\u0441\u0442\u0440\u0430\u043d\u043d\u044b\u043c \u0433\u0440\u0430\u0436\u0434\u0430\u043d\u0430\u043c, \u043a\u043e\u0442\u043e\u0440\u044b\u0435 \u0436\u0435\u043b\u0430\u044e\u0442 \u043f\u0440\u0438\u0435\u0445\u0430\u0442\u044c \u0432 \u0413\u0435\u0440\u043c\u0430\u043d\u0438\u044e \u0441 \u0446\u0435\u043b\u044c\u044e \u0442\u0440\u0443\u0434\u043e\u0443\u0441\u0442\u0440\u043e\u0439\u0441\u0442\u0432\u0430.<\/p>\n<p>\u041c\u044b \u043e\u0431\u043b\u0430\u0434\u0430\u0435\u043c \u043a\u043e\u043c\u043f\u0435\u0442\u0435\u043d\u0446\u0438\u0435\u0439 \u0432 \u0432\u043e\u043f\u0440\u043e\u0441\u0430\u0445 \u0432\u043e\u0441\u0441\u043e\u0435\u0434\u0438\u043d\u0435\u043d\u0438\u044f \u0441\u0435\u043c\u0435\u0439, \u043e\u043a\u0430\u0437\u044b\u0432\u0430\u0435\u043c \u043f\u043e\u0434\u0434\u0435\u0440\u0436\u043a\u0443 \u0432 \u0445\u043e\u0434\u0435 \u043f\u043e\u0434\u0430\u0447\u0438 \u0437\u0430\u044f\u0432\u043b\u0435\u043d\u0438\u044f \u043d\u0430 \u043f\u043e\u043b\u0443\u0447\u0435\u043d\u0438\u0435 \u0440\u0430\u0437\u0440\u0435\u0448\u0435\u043d\u0438\u044f \u043d\u0430 \u0436\u0438\u0442\u0435\u043b\u044c\u0441\u0442\u0432\u043e \u0432 \u043f\u043e\u0440\u044f\u0434\u043a\u0435 \u043f\u0440\u0435\u0434\u043e\u0441\u0442\u0430\u0432\u043b\u0435\u043d\u0438\u044f \u043a\u043e\u043d\u0441\u0443\u043b\u044c\u0442\u0430\u0446\u0438\u0439, \u0430 \u0442\u0430\u043a\u0436\u0435 \u0432 \u043f\u043e\u0440\u044f\u0434\u043a\u0435 \u043f\u0440\u0435\u0434\u0441\u0442\u0430\u0432\u0438\u0442\u0435\u043b\u044c\u0441\u0442\u0432\u0430 \u0432 \u0430\u0434\u043c\u0438\u043d\u0438\u0441\u0442\u0440\u0430\u0442\u0438\u0432\u043d\u044b\u0445 \u0438 \u0441\u0443\u0434\u0435\u0431\u043d\u043e-\u0430\u0434\u043c\u0438\u043d\u0438\u0441\u0442\u0440\u0430\u0442\u0438\u0432\u043d\u044b\u0445 \u043f\u0440\u043e\u0446\u0435\u0441\u0441\u0430\u0445. \u041c\u044b \u043f\u0440\u0435\u0434\u043b\u0430\u0433\u0430\u0435\u043c \u0441\u043b\u0435\u0434\u0443\u044e\u0449\u0438\u0439 \u0441\u043f\u0435\u043a\u0442\u0440 \u043a\u043e\u043d\u0441\u0443\u043b\u044c\u0442\u0430\u0446\u0438\u043e\u043d\u043d\u044b\u0445 \u0443\u0441\u043b\u0443\u0433:<\/p>\n<ul class=\"liste\">\n<li>\u041a\u043e\u043d\u0441\u0443\u043b\u044c\u0442\u0430\u0446\u0438\u0438 \u043f\u043e \u0432\u043e\u043f\u0440\u043e\u0441\u0430\u043c \u0432\u044a\u0435\u0437\u0434\u0430 \u043d\u0430 \u0442\u0435\u0440\u0440\u0438\u0442\u043e\u0440\u0438\u044e \u0413\u0435\u0440\u043c\u0430\u043d\u0438\u0438 \u0441 \u0446\u0435\u043b\u044c\u044e \u0432\u0435\u0434\u0435\u043d\u0438\u044f \u043f\u0440\u0435\u0434\u043f\u0440\u0438\u043d\u0438\u043c\u0430\u0442\u0435\u043b\u044c\u0441\u043a\u043e\u0439 \u0434\u0435\u044f\u0442\u0435\u043b\u044c\u043d\u043e\u0441\u0442\u0438, \u0430 \u0442\u0430\u043a\u0436\u0435 \u0441\u043e\u043f\u0440\u043e\u0432\u043e\u0436\u0434\u0435\u043d\u0438\u0435 \u0430\u0434\u043c\u0438\u043d\u0438\u0441\u0442\u0440\u0430\u0442\u0438\u0432\u043d\u044b\u0445 \u043f\u0440\u043e\u0446\u0435\u0434\u0443\u0440<\/li>\n<li>\u0413\u043e\u043b\u0443\u0431\u0430\u044f \u043a\u0430\u0440\u0442\u0430 \u0415\u0421 (Blue Card EU), \u043f\u0440\u0435\u0431\u044b\u0432\u0430\u043d\u0438\u0435 \u043d\u0430 \u0442\u0435\u0440\u0440\u0438\u0442\u043e\u0440\u0438\u0438 \u0413\u0435\u0440\u043c\u0430\u043d\u0438\u0438 \u0434\u043b\u044f \u0432\u044b\u0441\u043e\u043a\u043e\u043a\u0432\u0430\u043b\u0438\u0444\u0438\u0446\u0438\u0440\u043e\u0432\u0430\u043d\u043d\u044b\u0445 \u0441\u043f\u0435\u0446\u0438\u0430\u043b\u0438\u0441\u0442\u043e\u0432<\/li>\n<li>\u0420\u0430\u0437\u0440\u0435\u0448\u0435\u043d\u0438\u0435 \u043d\u0430 \u043f\u043e\u043b\u0443\u0447\u0435\u043d\u0438\u0435 \u043f\u0440\u0430\u0432 \u0433\u0440\u0430\u0436\u0434\u0430\u043d\u0441\u0442\u0432\u0430 \u043f\u043e \u043c\u0435\u0441\u0442\u0443 \u0436\u0438\u0442\u0435\u043b\u044c\u0441\u0442\u0432\u0430<\/li>\n<li>\u041f\u0440\u0435\u0431\u044b\u0432\u0430\u043d\u0438\u0435 \u043d\u0430 \u0442\u0435\u0440\u0440\u0438\u0442\u043e\u0440\u0438\u0438 \u0413\u0435\u0440\u043c\u0430\u043d\u0438\u0438 \u0434\u043b\u044f \u0441\u0442\u0443\u0434\u0435\u043d\u0442\u043e\u0432<\/li>\n<li>\u0420\u0430\u0437\u0440\u0435\u0448\u0435\u043d\u0438\u0435 \u0424\u0435\u0434\u0435\u0440\u0430\u043b\u044c\u043d\u043e\u0433\u043e \u0430\u0433\u0435\u043d\u0442\u0441\u0442\u0432\u0430 \u0442\u0440\u0443\u0434\u0430 \u043d\u0430 \u0442\u0440\u0443\u0434\u043e\u0443\u0441\u0442\u0440\u043e\u0439\u0441\u0442\u0432\u043e<\/li>\n<li>\u041f\u0440\u0435\u0434\u0432\u0430\u0440\u0438\u0442\u0435\u043b\u044c\u043d\u044b\u0435 \u0440\u0430\u0437\u0440\u0435\u0448\u0435\u043d\u0438\u044f \u043e\u0440\u0433\u0430\u043d\u0430 \u043f\u043e \u0432\u043e\u043f\u0440\u043e\u0441\u0430\u043c \u0438\u043d\u043e\u0441\u0442\u0440\u0430\u043d\u043d\u044b\u0445 \u0433\u0440\u0430\u0436\u0434\u0430\u043d<\/li>\n<li>\u041f\u0440\u0438\u0435\u0437\u0434 \u0441\u0435\u043c\u044c\u0438 \u043a \u0438\u043d\u043e\u0441\u0442\u0440\u0430\u043d\u043d\u043e\u043c\u0443 \u0433\u0440\u0430\u0436\u0434\u0430\u043d\u0438\u043d\u0443<\/li>\n<li>\u041f\u0440\u0438\u0435\u0437\u0434 \u0441\u0435\u043c\u044c\u0438 \u043a \u0433\u0440\u0430\u0436\u0434\u0430\u043d\u0438\u043d\u0443 \u0413\u0435\u0440\u043c\u0430\u043d\u0438\u0438<\/li>\n<li>\u041f\u0440\u0430\u0432\u0430 \u043f\u0440\u0435\u0431\u044b\u0432\u0430\u043d\u0438\u044f \u0434\u0435\u0442\u0435\u0439<\/li>\n<li>\u041f\u0440\u0438\u0435\u0437\u0434 \u043f\u0440\u043e\u0447\u0438\u0445 \u0447\u043b\u0435\u043d\u043e\u0432 \u0441\u0435\u043c\u044c\u0438<\/li>\n<\/ul>\n<p>[\/et_pb_text][\/et_pb_column_inner][\/et_pb_row_inner][\/et_pb_column][et_pb_column type=&#187;1_4&#8243; _builder_version=&#187;3.25&#8243; custom_padding=&#187;|||&#187; custom_padding__hover=&#187;|||&#187;][et_pb_sidebar area=&#187;sidebar-1&#8243; _builder_version=&#187;4.6.1&#8243; _module_preset=&#187;default&#187;][\/et_pb_sidebar][\/et_pb_column][\/et_pb_section]<\/p>\n","protected":false},"excerpt":{"rendered":"<p>[et_pb_section fb_built=&#187;1&#8243; specialty=&#187;on&#187; _builder_version=&#187;4.6.1&#8243; _module_preset=&#187;default&#187;][et_pb_column type=&#187;3_4&#8243; specialty_columns=&#187;3&#8243; _builder_version=&#187;3.25&#8243; custom_padding=&#187;|||&#187; custom_padding__hover=&#187;|||&#187;][et_pb_row_inner _builder_version=&#187;4.1&#8243;][et_pb_column_inner saved_specialty_column_type=&#187;3_4&#8243; _builder_version=&#187;4.1&#8243;][et_pb_text admin_label=&#187;Immigration\/Erwerbst\u00e4tigkeit ausl\u00e4ndischer Arbeitnehmer&#187; module_class=&#187;bluem-img&#187; _builder_version=&#187;4.6.1&#8243;] \u041e\u0434\u043d\u0438\u043c \u0438\u0437 \u043d\u0430\u043f\u0440\u0430\u0432\u043b\u0435\u043d\u0438\u0439 \u043d\u0430\u0448\u0435\u0439 \u0434\u0435\u044f\u0442\u0435\u043b\u044c\u043d\u043e\u0441\u0442\u0438 \u0442\u0430\u043a\u0436\u0435 \u044f\u0432\u043b\u044f\u0435\u0442\u0441\u044f \u043a\u043e\u043d\u0441\u0443\u043b\u044c\u0442\u0438\u0440\u043e\u0432\u0430\u043d\u0438\u0435 \u0438\u043d\u043e\u0441\u0442\u0440\u0430\u043d\u043d\u044b\u0445 \u0438\u043d\u0432\u0435\u0441\u0442\u043e\u0440\u043e\u0432 \u043f\u043e \u0432\u043e\u043f\u0440\u043e\u0441\u0430\u043c \u043f\u0440\u0435\u0431\u044b\u0432\u0430\u043d\u0438\u044f \u043d\u0430 \u0442\u0435\u0440\u0440\u0438\u0442\u043e\u0440\u0438\u0438 \u0413\u0435\u0440\u043c\u0430\u043d\u0438\u0438 \u0438\u043b\u0438 \u043d\u0435\u043e\u0433\u0440\u0430\u043d\u0438\u0447\u0435\u043d\u043d\u043e\u0433\u043e \u0432\u044a\u0435\u0437\u0434\u0430 \u043d\u0430 \u0442\u0435\u0440\u0440\u0438\u0442\u043e\u0440\u0438\u044e \u0413\u0435\u0440\u043c\u0430\u043d\u0438\u0438. \u041c\u044b \u043f\u0440\u0435\u0434\u043e\u0441\u0442\u0430\u0432\u043b\u044f\u0435\u043c \u043a\u043e\u043d\u0441\u0443\u043b\u044c\u0442\u0430\u0446\u0438\u0438 \u043f\u0440\u0435\u0434\u043f\u0440\u0438\u044f\u0442\u0438\u044f\u043c \u043f\u043e \u0432\u043e\u043f\u0440\u043e\u0441\u0430\u043c \u0442\u0440\u0443\u0434\u043e\u0443\u0441\u0442\u0440\u043e\u0439\u0441\u0442\u0432\u0430 \u0438\u043d\u043e\u0441\u0442\u0440\u0430\u043d\u043d\u044b\u0445 \u0441\u043e\u0442\u0440\u0443\u0434\u043d\u0438\u043a\u043e\u0432, \u0432 \u0447\u0430\u0441\u0442\u043d\u043e\u0441\u0442\u0438, \u043f\u043e \u0432\u043e\u043f\u0440\u043e\u0441\u0430\u043c \u043f\u0440\u0430\u0432\u0430 \u043f\u0440\u043e\u0436\u0438\u0432\u0430\u043d\u0438\u044f [&hellip;]<\/p>\n","protected":false},"author":3,"featured_media":721,"parent":0,"menu_order":0,"comment_status":"closed","ping_status":"closed","template":"unterseite.php","meta":{"_et_pb_use_builder":"on","_et_pb_old_content":"[et_pb_section fb_built=\"1\" specialty=\"on\" _builder_version=\"4.6.1\" _module_preset=\"default\"][et_pb_column type=\"3_4\" specialty_columns=\"3\" _builder_version=\"3.25\" custom_padding=\"|||\" custom_padding__hover=\"|||\"][et_pb_row_inner _builder_version=\"4.1\"][et_pb_column_inner saved_specialty_column_type=\"3_4\" _builder_version=\"4.1\"][et_pb_text admin_label=\"Immigration\/Erwerbst\u00e4tigkeit ausl\u00e4ndischer Arbeitnehmer\" module_class=\"bluem-img\" _builder_version=\"4.6.1\" hover_enabled=\"0\" sticky_enabled=\"0\"]<p>Zum Schwerpunkt unserer T\u00e4tigkeit geh\u00f6rt auch die Beratung der ausl\u00e4ndischen Investoren hinsichtlich des Aufenthalts in Deutschland bzw. unbeschr\u00e4nkter Einreise in die Bundesrepublik. Wir beraten sowohl Unternehmen bei der Einstellung ausl\u00e4ndischer Arbeitnehmer in Bezug auf das Aufenthaltsrecht als auch ausl\u00e4ndische Arbeitnehmer, die zum Zwecke der Erwerbst\u00e4tigkeit nach Deutschland einreisen wollen.\r\n\r\nWir sind auch in Fragen der Familienzusammenf\u00fchrung kompetent und unterst\u00fctzen Sie bei der Beantragung der Aufenthaltserlaubnis sowohl beratend als auch in einem Verwaltungs- bzw. Verwaltungsgerichtsverfahren. Folgendes Leistungsspektrum bieten wir beratend an:<\/p>\r\n<ul class=\"liste\">\r\n<li>Beratung bei der Einreise zum Zwecke der Aufnahme einer selbstst\u00e4ndigen T\u00e4tigkeit sowie Begleitung des Verwaltungsprozedere<\/li>\r\n<li>Blue Card EU, Aufenthalt f\u00fcr Hochqualifizierte<\/li>\r\n<li>Niederlassungserlaubnis<\/li>\r\n<li>Aufenthalt f\u00fcr Studenten<\/li>\r\n<li>Zustimmung der Bundesagentur f\u00fcr Arbeit<\/li>\r\n<li>Vorabzustimmungen der Ausl\u00e4nderbeh\u00f6rde<\/li>\r\n<li>Familiennachzug zu Ausl\u00e4ndern<\/li>\r\n<li>Familiennachzug zu Deutschen<\/li>\r\n<li>Aufenthaltsrecht der Kinder<\/li>\r\n<li>Nachzug sonstiger Familienangeh\u00f6riger<\/li>\r\n<\/ul>[\/et_pb_text][\/et_pb_column_inner][\/et_pb_row_inner][\/et_pb_column][et_pb_column type=\"1_4\" _builder_version=\"3.25\" custom_padding=\"|||\" custom_padding__hover=\"|||\"][et_pb_sidebar area=\"sidebar-1\" _builder_version=\"4.6.1\" _module_preset=\"default\"][\/et_pb_sidebar][\/et_pb_column][\/et_pb_section]","_et_gb_content_width":"","footnotes":""},"class_list":["post-752","page","type-page","status-publish","has-post-thumbnail","hentry"],"yoast_head":"<!-- This site is optimized with the Yoast SEO plugin v15.1 - https:\/\/yoast.com\/wordpress\/plugins\/seo\/ -->\n<title>\u0418\u043c\u043c\u0438\u0433\u0440\u0430\u0446\u0438\u044f\/\u0442\u0440\u0443\u0434\u043e\u0432\u0430\u044f - Kanzlei Bl\u00fcm<\/title>\n<meta name=\"robots\" content=\"index, follow, max-snippet:-1, max-image-preview:large, max-video-preview:-1\" \/>\n<link rel=\"canonical\" href=\"https:\/\/kanzlei-bluem.de\/ru\/immigration-erwerbstaetigkeit-auslaendischer-arbeitnehmer\/\" \/>\n<meta property=\"og:locale\" content=\"ru_RU\" \/>\n<meta property=\"og:type\" content=\"article\" \/>\n<meta property=\"og:title\" content=\"\u0418\u043c\u043c\u0438\u0433\u0440\u0430\u0446\u0438\u044f\/\u0442\u0440\u0443\u0434\u043e\u0432\u0430\u044f - Kanzlei Bl\u00fcm\" \/>\n<meta property=\"og:description\" content=\"[et_pb_section fb_built=&#187;1&#8243; specialty=&#187;on&#187; _builder_version=&#187;4.6.1&#8243; _module_preset=&#187;default&#187;][et_pb_column type=&#187;3_4&#8243; specialty_columns=&#187;3&#8243; _builder_version=&#187;3.25&#8243; custom_padding=&#187;|||&#187; custom_padding__hover=&#187;|||&#187;][et_pb_row_inner _builder_version=&#187;4.1&#8243;][et_pb_column_inner saved_specialty_column_type=&#187;3_4&#8243; _builder_version=&#187;4.1&#8243;][et_pb_text admin_label=&#187;Immigration\/Erwerbst\u00e4tigkeit ausl\u00e4ndischer Arbeitnehmer&#187; module_class=&#187;bluem-img&#187; _builder_version=&#187;4.6.1&#8243;] \u041e\u0434\u043d\u0438\u043c \u0438\u0437 \u043d\u0430\u043f\u0440\u0430\u0432\u043b\u0435\u043d\u0438\u0439 \u043d\u0430\u0448\u0435\u0439 \u0434\u0435\u044f\u0442\u0435\u043b\u044c\u043d\u043e\u0441\u0442\u0438 \u0442\u0430\u043a\u0436\u0435 \u044f\u0432\u043b\u044f\u0435\u0442\u0441\u044f \u043a\u043e\u043d\u0441\u0443\u043b\u044c\u0442\u0438\u0440\u043e\u0432\u0430\u043d\u0438\u0435 \u0438\u043d\u043e\u0441\u0442\u0440\u0430\u043d\u043d\u044b\u0445 \u0438\u043d\u0432\u0435\u0441\u0442\u043e\u0440\u043e\u0432 \u043f\u043e \u0432\u043e\u043f\u0440\u043e\u0441\u0430\u043c \u043f\u0440\u0435\u0431\u044b\u0432\u0430\u043d\u0438\u044f \u043d\u0430 \u0442\u0435\u0440\u0440\u0438\u0442\u043e\u0440\u0438\u0438 \u0413\u0435\u0440\u043c\u0430\u043d\u0438\u0438 \u0438\u043b\u0438 \u043d\u0435\u043e\u0433\u0440\u0430\u043d\u0438\u0447\u0435\u043d\u043d\u043e\u0433\u043e \u0432\u044a\u0435\u0437\u0434\u0430 \u043d\u0430 \u0442\u0435\u0440\u0440\u0438\u0442\u043e\u0440\u0438\u044e \u0413\u0435\u0440\u043c\u0430\u043d\u0438\u0438. \u041c\u044b \u043f\u0440\u0435\u0434\u043e\u0441\u0442\u0430\u0432\u043b\u044f\u0435\u043c \u043a\u043e\u043d\u0441\u0443\u043b\u044c\u0442\u0430\u0446\u0438\u0438 \u043f\u0440\u0435\u0434\u043f\u0440\u0438\u044f\u0442\u0438\u044f\u043c \u043f\u043e \u0432\u043e\u043f\u0440\u043e\u0441\u0430\u043c \u0442\u0440\u0443\u0434\u043e\u0443\u0441\u0442\u0440\u043e\u0439\u0441\u0442\u0432\u0430 \u0438\u043d\u043e\u0441\u0442\u0440\u0430\u043d\u043d\u044b\u0445 \u0441\u043e\u0442\u0440\u0443\u0434\u043d\u0438\u043a\u043e\u0432, \u0432 \u0447\u0430\u0441\u0442\u043d\u043e\u0441\u0442\u0438, \u043f\u043e \u0432\u043e\u043f\u0440\u043e\u0441\u0430\u043c \u043f\u0440\u0430\u0432\u0430 \u043f\u0440\u043e\u0436\u0438\u0432\u0430\u043d\u0438\u044f [&hellip;]\" \/>\n<meta property=\"og:url\" content=\"https:\/\/kanzlei-bluem.de\/ru\/immigration-erwerbstaetigkeit-auslaendischer-arbeitnehmer\/\" \/>\n<meta property=\"og:site_name\" content=\"Kanzlei Bl\u00fcm\" \/>\n<meta property=\"article:modified_time\" content=\"2021-07-19T12:12:10+00:00\" \/>\n<meta property=\"og:image\" content=\"https:\/\/kanzlei-bluem.de\/wp-content\/uploads\/2020\/07\/teaser06.jpg\" \/>\n\t<meta property=\"og:image:width\" content=\"700\" \/>\n\t<meta property=\"og:image:height\" content=\"323\" \/>\n<meta name=\"twitter:card\" content=\"summary_large_image\" \/>\n<script type=\"application\/ld+json\" class=\"yoast-schema-graph\">{\"@context\":\"https:\/\/schema.org\",\"@graph\":[{\"@type\":\"WebSite\",\"@id\":\"https:\/\/kanzlei-bluem.de\/ru\/#website\",\"url\":\"https:\/\/kanzlei-bluem.de\/ru\/\",\"name\":\"Kanzlei Bl\\u00fcm\",\"description\":\"Rechtsanwaltskanzlei\",\"potentialAction\":[{\"@type\":\"SearchAction\",\"target\":\"https:\/\/kanzlei-bluem.de\/ru\/?s={search_term_string}\",\"query-input\":\"required name=search_term_string\"}],\"inLanguage\":\"ru-RU\"},{\"@type\":\"ImageObject\",\"@id\":\"https:\/\/kanzlei-bluem.de\/ru\/immigration-erwerbstaetigkeit-auslaendischer-arbeitnehmer\/#primaryimage\",\"inLanguage\":\"ru-RU\",\"url\":\"https:\/\/kanzlei-bluem.de\/wp-content\/uploads\/2020\/07\/teaser06.jpg\",\"width\":700,\"height\":323,\"caption\":\"D\\u00fcsseldorf\"},{\"@type\":\"WebPage\",\"@id\":\"https:\/\/kanzlei-bluem.de\/ru\/immigration-erwerbstaetigkeit-auslaendischer-arbeitnehmer\/#webpage\",\"url\":\"https:\/\/kanzlei-bluem.de\/ru\/immigration-erwerbstaetigkeit-auslaendischer-arbeitnehmer\/\",\"name\":\"\\u0418\\u043c\\u043c\\u0438\\u0433\\u0440\\u0430\\u0446\\u0438\\u044f\/\\u0442\\u0440\\u0443\\u0434\\u043e\\u0432\\u0430\\u044f - Kanzlei Bl\\u00fcm\",\"isPartOf\":{\"@id\":\"https:\/\/kanzlei-bluem.de\/ru\/#website\"},\"primaryImageOfPage\":{\"@id\":\"https:\/\/kanzlei-bluem.de\/ru\/immigration-erwerbstaetigkeit-auslaendischer-arbeitnehmer\/#primaryimage\"},\"datePublished\":\"2020-10-09T09:02:30+00:00\",\"dateModified\":\"2021-07-19T12:12:10+00:00\",\"breadcrumb\":{\"@id\":\"https:\/\/kanzlei-bluem.de\/ru\/immigration-erwerbstaetigkeit-auslaendischer-arbeitnehmer\/#breadcrumb\"},\"inLanguage\":\"ru-RU\",\"potentialAction\":[{\"@type\":\"ReadAction\",\"target\":[\"https:\/\/kanzlei-bluem.de\/ru\/immigration-erwerbstaetigkeit-auslaendischer-arbeitnehmer\/\"]}]},{\"@type\":\"BreadcrumbList\",\"@id\":\"https:\/\/kanzlei-bluem.de\/ru\/immigration-erwerbstaetigkeit-auslaendischer-arbeitnehmer\/#breadcrumb\",\"itemListElement\":[{\"@type\":\"ListItem\",\"position\":1,\"item\":{\"@type\":\"WebPage\",\"@id\":\"https:\/\/kanzlei-bluem.de\/\",\"url\":\"https:\/\/kanzlei-bluem.de\/\",\"name\":\"Startseite\"}},{\"@type\":\"ListItem\",\"position\":2,\"item\":{\"@type\":\"WebPage\",\"@id\":\"https:\/\/kanzlei-bluem.de\/ru\/immigration-erwerbstaetigkeit-auslaendischer-arbeitnehmer\/\",\"url\":\"https:\/\/kanzlei-bluem.de\/ru\/immigration-erwerbstaetigkeit-auslaendischer-arbeitnehmer\/\",\"name\":\"\\u0418\\u043c\\u043c\\u0438\\u0433\\u0440\\u0430\\u0446\\u0438\\u044f\/\\u0442\\u0440\\u0443\\u0434\\u043e\\u0432\\u0430\\u044f\"}}]}]}<\/script>\n<!-- \/ Yoast SEO plugin. -->","_links":{"self":[{"href":"https:\/\/kanzlei-bluem.de\/ru\/wp-json\/wp\/v2\/pages\/752\/"}],"collection":[{"href":"https:\/\/kanzlei-bluem.de\/ru\/wp-json\/wp\/v2\/pages\/"}],"about":[{"href":"https:\/\/kanzlei-bluem.de\/ru\/wp-json\/wp\/v2\/types\/page\/"}],"author":[{"embeddable":true,"href":"https:\/\/kanzlei-bluem.de\/ru\/wp-json\/wp\/v2\/users\/3\/"}],"replies":[{"embeddable":true,"href":"https:\/\/kanzlei-bluem.de\/ru\/wp-json\/wp\/v2\/comments\/?post=752"}],"version-history":[{"count":7,"href":"https:\/\/kanzlei-bluem.de\/ru\/wp-json\/wp\/v2\/pages\/752\/revisions\/"}],"predecessor-version":[{"id":1054,"href":"https:\/\/kanzlei-bluem.de\/ru\/wp-json\/wp\/v2\/pages\/752\/revisions\/1054\/"}],"wp:featuredmedia":[{"embeddable":true,"href":"https:\/\/kanzlei-bluem.de\/ru\/wp-json\/wp\/v2\/media\/721\/"}],"wp:attachment":[{"href":"https:\/\/kanzlei-bluem.de\/ru\/wp-json\/wp\/v2\/media\/?parent=752"}],"curies":[{"name":"wp","href":"https:\/\/api.w.org\/{rel}","templated":true}]}}