{"id":732,"date":"2020-10-09T08:43:36","date_gmt":"2020-10-09T08:43:36","guid":{"rendered":"https:\/\/kanzlei-bluem.aw003.de\/?page_id=732"},"modified":"2021-10-31T20:41:07","modified_gmt":"2021-10-31T20:41:07","slug":"recht-fuer-unternehmen","status":"publish","type":"page","link":"https:\/\/kanzlei-bluem.de\/ru\/recht-fuer-unternehmen\/","title":{"rendered":"\u041f\u0440\u0435\u0434\u043f\u0440\u0438\u043d\u0438\u043c\u0430\u0442\u0435\u043b\u044c\u0441\u043a\u043e\u0435 \u043f\u0440\u0430\u0432\u043e"},"content":{"rendered":"<p>[et_pb_section fb_built=&#187;1&#8243; specialty=&#187;on&#187; _builder_version=&#187;4.6.1&#8243; _module_preset=&#187;default&#187;][et_pb_column type=&#187;3_4&#8243; specialty_columns=&#187;3&#8243; _builder_version=&#187;3.25&#8243; custom_padding=&#187;|||&#187; custom_padding__hover=&#187;|||&#187;][et_pb_row_inner _builder_version=&#187;4.1&#8243;][et_pb_column_inner saved_specialty_column_type=&#187;3_4&#8243; _builder_version=&#187;4.1&#8243;][et_pb_text admin_label=&#187;Recht f\u00fcr Unternehmen&#187; module_class=&#187;start-img&#187; _builder_version=&#187;4.6.1&#8243; custom_padding=&#187;|||0px||&#187;]<\/p>\n<p><img loading=\"lazy\" decoding=\"async\" class=\"wp-image-991 size-full alignleft\" src=\"https:\/\/kanzlei-bluem.de\/wp-content\/uploads\/2020\/12\/ce4h.jpg\" alt=\"\" width=\"220\" height=\"132\" \/>\u0412 \u0445\u043e\u0434\u0435 \u043e\u0441\u0443\u0449\u0435\u0441\u0442\u0432\u043b\u0435\u043d\u0438\u044f \u043b\u044e\u0431\u043e\u0439 \u043f\u0440\u0435\u0434\u043f\u0440\u0438\u043d\u0438\u043c\u0430\u0442\u0435\u043b\u044c\u0441\u043a\u043e\u0439 \u0434\u0435\u044f\u0442\u0435\u043b\u044c\u043d\u043e\u0441\u0442\u0438 \u043d\u0435\u043e\u0431\u0445\u043e\u0434\u0438\u043c\u043e \u0441\u043e\u0431\u043b\u044e\u0434\u0430\u0442\u044c \u0431\u043e\u043b\u044c\u0448\u043e\u0435 \u043a\u043e\u043b\u0438\u0447\u0435\u0441\u0442\u0432\u043e \u043f\u0440\u0430\u0432\u043e\u0432\u044b\u0445 \u043d\u043e\u0440\u043c. \u0412\u043d\u0443\u0442\u0440\u0435\u043d\u043d\u044f\u044f \u043e\u0440\u0433\u0430\u043d\u0438\u0437\u0430\u0446\u0438\u044f \u0412\u0430\u0448\u0435\u0433\u043e \u043f\u0440\u0435\u0434\u043f\u0440\u0438\u044f\u0442\u0438\u044f \u0438 \u0435\u0433\u043e \u0432\u044b\u0445\u043e\u0434 \u043d\u0430 \u0440\u044b\u043d\u043e\u043a \u0440\u0435\u0433\u043b\u0430\u043c\u0435\u043d\u0442\u0438\u0440\u0443\u044e\u0442\u0441\u044f \u043c\u043d\u043e\u0433\u043e\u0447\u0438\u0441\u043b\u0435\u043d\u043d\u044b\u043c\u0438 \u043d\u043e\u0440\u043c\u0430\u043c\u0438 \u0437\u0430\u043a\u043e\u043d\u043e\u0434\u0430\u0442\u0435\u043b\u044c\u0441\u0442\u0432\u0430. \u041c\u044b \u043f\u0440\u0435\u0434\u043e\u0441\u0442\u0430\u0432\u0438\u043c \u0412\u0430\u043c \u043f\u0440\u043e\u0444\u0435\u0441\u0441\u0438\u043e\u043d\u0430\u043b\u044c\u043d\u043e\u0435 \u0441\u043e\u043f\u0440\u043e\u0432\u043e\u0436\u0434\u0435\u043d\u0438\u0435 \u0432 \u0445\u043e\u0434\u0435 \u0443\u0447\u0440\u0435\u0436\u0434\u0435\u043d\u0438\u044f \u043f\u0440\u0435\u0434\u043f\u0440\u0438\u044f\u0442\u0438\u044f \u0438 \u0432 \u0440\u0435\u0448\u0435\u043d\u0438\u0438 \u0442\u0435\u043a\u0443\u0449\u0438\u0445 \u0432\u043e\u043f\u0440\u043e\u0441\u043e\u0432.<\/p>\n<p>\u041c\u044b \u043f\u0440\u0435\u0434\u043e\u0441\u0442\u0430\u0432\u043b\u044f\u0435\u043c \u0441\u043b\u0435\u0434\u0443\u044e\u0449\u0438\u0435 \u0443\u0441\u043b\u0443\u0433\u0438:<\/p>\n<ul class=\"liste\">\n<li>\u0423\u0447\u0440\u0435\u0436\u0434\u0435\u043d\u0438\u0435 \u043a\u043e\u043c\u043f\u0430\u043d\u0438\u0439<\/li>\n<li>\u042e\u0440\u0438\u0434\u0438\u0447\u0435\u0441\u043a\u0438\u0435 \u043a\u043e\u043d\u0441\u0443\u043b\u044c\u0442\u0430\u0446\u0438\u0438 \u043f\u043e \u043a\u0430\u0434\u0440\u043e\u0432\u044b\u043c \u0432\u043e\u043f\u0440\u043e\u0441\u0430\u043c (\u0442\u0440\u0443\u0434\u043e\u0432\u043e\u0435 \u043f\u0440\u0430\u0432\u043e), \u043f\u0440\u0435\u0434\u0441\u0442\u0430\u0432\u0438\u0442\u0435\u043b\u044c\u0441\u0442\u0432\u043e \u0432 \u0441\u0443\u0434\u0430\u0445<\/li>\n<li>\u0422\u0440\u0443\u0434\u043e\u0432\u044b\u0435 \u0434\u043e\u0433\u043e\u0432\u043e\u0440\u044b \u0441 \u0443\u043f\u0440\u0430\u0432\u043b\u044f\u044e\u0449\u0438\u043c\u0438 \u043a\u043e\u043c\u043f\u0430\u043d\u0438\u0439<\/li>\n<li>\u041e\u0444\u043e\u0440\u043c\u043b\u0435\u043d\u0438\u0435 \u0438 \u043f\u0440\u043e\u0432\u0435\u0440\u043a\u0430 \u041e\u0431\u0449\u0438\u0445 \u0443\u0441\u043b\u043e\u0432\u0438\u0439 \u043e\u0444\u043e\u0440\u043c\u043b\u0435\u043d\u0438\u044f \u0441\u0434\u0435\u043b\u043e\u043a<\/li>\n<li>\u041e\u0444\u043e\u0440\u043c\u043b\u0435\u043d\u0438\u0435 \u0438 \u043f\u0440\u043e\u0432\u0435\u0440\u043a\u0430 \u0434\u043e\u0433\u043e\u0432\u043e\u0440\u043e\u0432<\/li>\n<li>\u0422\u043e\u0440\u0433\u043e\u0432\u043e\u0435 \u043f\u0440\u0430\u0432\u043e, \u043f\u0440\u0435\u0434\u0441\u0442\u0430\u0432\u0438\u0442\u0435\u043b\u044c\u0441\u0442\u0432\u043e \u0432 \u0441\u0443\u0434\u0430\u0445 \u043f\u043e \u0442\u043e\u0440\u0433\u043e\u0432\u043e-\u043f\u0440\u0430\u0432\u043e\u0432\u044b\u043c \u0441\u043f\u043e\u0440\u0430\u043c<\/li>\n<li>\u0423\u043f\u0440\u0430\u0432\u043b\u0435\u043d\u0438\u0435 \u043a\u0440\u0435\u0434\u0438\u0442\u043e\u0440\u0441\u043a\u0438\u043c\u0438 \u043f\u0440\u0435\u0442\u0435\u043d\u0437\u0438\u044f\u043c\u0438\/\u0432\u0437\u044b\u0441\u043a\u0430\u043d\u0438\u0435<\/li>\n<li>\u041f\u0440\u0430\u0432\u043e \u043f\u0440\u0435\u0431\u044b\u0432\u0430\u043d\u0438\u044f \u0447\u0430\u0441\u0442\u043d\u044b\u0445 \u043f\u0440\u0435\u0434\u043f\u0440\u0438\u043d\u0438\u043c\u0430\u0442\u0435\u043b\u0435\u0439 \u0438 \u0438\u043d\u043e\u0441\u0442\u0440\u0430\u043d\u043d\u044b\u0445 \u043d\u0430\u0435\u043c\u043d\u044b\u0445 \u0440\u0430\u0431\u043e\u0442\u043d\u0438\u043a\u043e\u0432.<\/li>\n<\/ul>\n<p>[\/et_pb_text][\/et_pb_column_inner][\/et_pb_row_inner][\/et_pb_column][et_pb_column type=&#187;1_4&#8243; _builder_version=&#187;3.25&#8243; custom_padding=&#187;|||&#187; custom_padding__hover=&#187;|||&#187;][et_pb_sidebar area=&#187;sidebar-1&#8243; _builder_version=&#187;4.6.1&#8243; _module_preset=&#187;default&#187;][\/et_pb_sidebar][\/et_pb_column][\/et_pb_section]<\/p>\n","protected":false},"excerpt":{"rendered":"<p>[et_pb_section fb_built=&#187;1&#8243; specialty=&#187;on&#187; _builder_version=&#187;4.6.1&#8243; _module_preset=&#187;default&#187;][et_pb_column type=&#187;3_4&#8243; specialty_columns=&#187;3&#8243; _builder_version=&#187;3.25&#8243; custom_padding=&#187;|||&#187; custom_padding__hover=&#187;|||&#187;][et_pb_row_inner _builder_version=&#187;4.1&#8243;][et_pb_column_inner saved_specialty_column_type=&#187;3_4&#8243; _builder_version=&#187;4.1&#8243;][et_pb_text admin_label=&#187;Recht f\u00fcr Unternehmen&#187; module_class=&#187;start-img&#187; _builder_version=&#187;4.6.1&#8243; custom_padding=&#187;|||0px||&#187;] \u0412 \u0445\u043e\u0434\u0435 \u043e\u0441\u0443\u0449\u0435\u0441\u0442\u0432\u043b\u0435\u043d\u0438\u044f \u043b\u044e\u0431\u043e\u0439 \u043f\u0440\u0435\u0434\u043f\u0440\u0438\u043d\u0438\u043c\u0430\u0442\u0435\u043b\u044c\u0441\u043a\u043e\u0439 \u0434\u0435\u044f\u0442\u0435\u043b\u044c\u043d\u043e\u0441\u0442\u0438 \u043d\u0435\u043e\u0431\u0445\u043e\u0434\u0438\u043c\u043e \u0441\u043e\u0431\u043b\u044e\u0434\u0430\u0442\u044c \u0431\u043e\u043b\u044c\u0448\u043e\u0435 \u043a\u043e\u043b\u0438\u0447\u0435\u0441\u0442\u0432\u043e \u043f\u0440\u0430\u0432\u043e\u0432\u044b\u0445 \u043d\u043e\u0440\u043c. \u0412\u043d\u0443\u0442\u0440\u0435\u043d\u043d\u044f\u044f \u043e\u0440\u0433\u0430\u043d\u0438\u0437\u0430\u0446\u0438\u044f \u0412\u0430\u0448\u0435\u0433\u043e \u043f\u0440\u0435\u0434\u043f\u0440\u0438\u044f\u0442\u0438\u044f \u0438 \u0435\u0433\u043e \u0432\u044b\u0445\u043e\u0434 \u043d\u0430 \u0440\u044b\u043d\u043e\u043a \u0440\u0435\u0433\u043b\u0430\u043c\u0435\u043d\u0442\u0438\u0440\u0443\u044e\u0442\u0441\u044f \u043c\u043d\u043e\u0433\u043e\u0447\u0438\u0441\u043b\u0435\u043d\u043d\u044b\u043c\u0438 \u043d\u043e\u0440\u043c\u0430\u043c\u0438 \u0437\u0430\u043a\u043e\u043d\u043e\u0434\u0430\u0442\u0435\u043b\u044c\u0441\u0442\u0432\u0430. \u041c\u044b \u043f\u0440\u0435\u0434\u043e\u0441\u0442\u0430\u0432\u0438\u043c \u0412\u0430\u043c \u043f\u0440\u043e\u0444\u0435\u0441\u0441\u0438\u043e\u043d\u0430\u043b\u044c\u043d\u043e\u0435 \u0441\u043e\u043f\u0440\u043e\u0432\u043e\u0436\u0434\u0435\u043d\u0438\u0435 \u0432 \u0445\u043e\u0434\u0435 \u0443\u0447\u0440\u0435\u0436\u0434\u0435\u043d\u0438\u044f \u043f\u0440\u0435\u0434\u043f\u0440\u0438\u044f\u0442\u0438\u044f \u0438 \u0432 [&hellip;]<\/p>\n","protected":false},"author":3,"featured_media":721,"parent":0,"menu_order":0,"comment_status":"closed","ping_status":"closed","template":"unterseite.php","meta":{"_et_pb_use_builder":"on","_et_pb_old_content":"[et_pb_section fb_built=\"1\" specialty=\"on\" _builder_version=\"4.6.1\" _module_preset=\"default\"][et_pb_column type=\"3_4\" specialty_columns=\"3\" _builder_version=\"3.25\" custom_padding=\"|||\" custom_padding__hover=\"|||\"][et_pb_row_inner _builder_version=\"4.1\"][et_pb_column_inner saved_specialty_column_type=\"3_4\" _builder_version=\"4.1\"][et_pb_text admin_label=\"Recht f\u00fcr Unternehmen\" module_class=\"bluem-img\" _builder_version=\"4.6.1\" hover_enabled=\"0\" sticky_enabled=\"0\"]<p>Bei jeder unternehmerischen T\u00e4tigkeit muss eine Vielzahl an rechtlichen Regelungen beachtet werden. Die innere Organisation Ihres Unternehmens und Ihr Auftreten am Markt ist umfangreichen gesetzlichen Vorgaben unterworfen. Wir begleiten Sie professionell bei der Unternehmensgr\u00fcndung sowie im t\u00e4glichen Gesch\u00e4ft.\r\n\r\nDurch den Zusammenschluss mit der Steuerkanzlei Weigel-Erbe bieten Ihnen dabei rechtliche und steuerliche Beratung aus einer Hand an. Folgende Leistungen werden von uns erbracht:<\/p>\r\n<ul class=\"liste\">\r\n<li>Firmengr\u00fcndung<\/li>\r\n<li>Rechtliche Beratung in Personalfragen (Arbeitsrecht), Vertretung vor Gerichten<\/li>\r\n<li>Gesch\u00e4ftsf\u00fchreranstellungsvertr\u00e4ge<\/li>\r\n<li>Gestaltung und Pr\u00fcfung von AGB<\/li>\r\n<li>Vertragsgestaltung und Pr\u00fcfung<\/li>\r\n<li>Handelsrecht, Vertretung vor Gerichten in handelsrechtlichen Auseinandersetzungen<\/li>\r\n<li>Forderungsmanagement \/ Einzug<\/li>\r\n<li>Aufenthaltsrecht f\u00fcr Selbst\u00e4ndige und ausl\u00e4ndische Arbeitnehmer, EU-Blue Card<\/li>[\/et_pb_text][\/et_pb_column_inner][\/et_pb_row_inner][\/et_pb_column][et_pb_column type=\"1_4\" _builder_version=\"3.25\" custom_padding=\"|||\" custom_padding__hover=\"|||\"][et_pb_sidebar area=\"sidebar-1\" _builder_version=\"4.6.1\" _module_preset=\"default\"][\/et_pb_sidebar][\/et_pb_column][\/et_pb_section]","_et_gb_content_width":"","footnotes":""},"class_list":["post-732","page","type-page","status-publish","has-post-thumbnail","hentry"],"yoast_head":"<!-- This site is optimized with the Yoast SEO plugin v15.1 - https:\/\/yoast.com\/wordpress\/plugins\/seo\/ -->\n<title>\u041f\u0440\u0435\u0434\u043f\u0440\u0438\u043d\u0438\u043c\u0430\u0442\u0435\u043b\u044c\u0441\u043a\u043e\u0435 \u043f\u0440\u0430\u0432\u043e - Kanzlei Bl\u00fcm<\/title>\n<meta name=\"robots\" content=\"index, follow, max-snippet:-1, max-image-preview:large, max-video-preview:-1\" \/>\n<link rel=\"canonical\" href=\"https:\/\/kanzlei-bluem.de\/ru\/recht-fuer-unternehmen\/\" \/>\n<meta property=\"og:locale\" content=\"ru_RU\" \/>\n<meta property=\"og:type\" content=\"article\" \/>\n<meta property=\"og:title\" content=\"\u041f\u0440\u0435\u0434\u043f\u0440\u0438\u043d\u0438\u043c\u0430\u0442\u0435\u043b\u044c\u0441\u043a\u043e\u0435 \u043f\u0440\u0430\u0432\u043e - Kanzlei Bl\u00fcm\" \/>\n<meta property=\"og:description\" content=\"[et_pb_section fb_built=&#187;1&#8243; specialty=&#187;on&#187; _builder_version=&#187;4.6.1&#8243; _module_preset=&#187;default&#187;][et_pb_column type=&#187;3_4&#8243; specialty_columns=&#187;3&#8243; _builder_version=&#187;3.25&#8243; custom_padding=&#187;|||&#187; custom_padding__hover=&#187;|||&#187;][et_pb_row_inner _builder_version=&#187;4.1&#8243;][et_pb_column_inner saved_specialty_column_type=&#187;3_4&#8243; _builder_version=&#187;4.1&#8243;][et_pb_text admin_label=&#187;Recht f\u00fcr Unternehmen&#187; module_class=&#187;start-img&#187; _builder_version=&#187;4.6.1&#8243; custom_padding=&#187;|||0px||&#187;] \u0412 \u0445\u043e\u0434\u0435 \u043e\u0441\u0443\u0449\u0435\u0441\u0442\u0432\u043b\u0435\u043d\u0438\u044f \u043b\u044e\u0431\u043e\u0439 \u043f\u0440\u0435\u0434\u043f\u0440\u0438\u043d\u0438\u043c\u0430\u0442\u0435\u043b\u044c\u0441\u043a\u043e\u0439 \u0434\u0435\u044f\u0442\u0435\u043b\u044c\u043d\u043e\u0441\u0442\u0438 \u043d\u0435\u043e\u0431\u0445\u043e\u0434\u0438\u043c\u043e \u0441\u043e\u0431\u043b\u044e\u0434\u0430\u0442\u044c \u0431\u043e\u043b\u044c\u0448\u043e\u0435 \u043a\u043e\u043b\u0438\u0447\u0435\u0441\u0442\u0432\u043e \u043f\u0440\u0430\u0432\u043e\u0432\u044b\u0445 \u043d\u043e\u0440\u043c. \u0412\u043d\u0443\u0442\u0440\u0435\u043d\u043d\u044f\u044f \u043e\u0440\u0433\u0430\u043d\u0438\u0437\u0430\u0446\u0438\u044f \u0412\u0430\u0448\u0435\u0433\u043e \u043f\u0440\u0435\u0434\u043f\u0440\u0438\u044f\u0442\u0438\u044f \u0438 \u0435\u0433\u043e \u0432\u044b\u0445\u043e\u0434 \u043d\u0430 \u0440\u044b\u043d\u043e\u043a \u0440\u0435\u0433\u043b\u0430\u043c\u0435\u043d\u0442\u0438\u0440\u0443\u044e\u0442\u0441\u044f \u043c\u043d\u043e\u0433\u043e\u0447\u0438\u0441\u043b\u0435\u043d\u043d\u044b\u043c\u0438 \u043d\u043e\u0440\u043c\u0430\u043c\u0438 \u0437\u0430\u043a\u043e\u043d\u043e\u0434\u0430\u0442\u0435\u043b\u044c\u0441\u0442\u0432\u0430. \u041c\u044b \u043f\u0440\u0435\u0434\u043e\u0441\u0442\u0430\u0432\u0438\u043c \u0412\u0430\u043c \u043f\u0440\u043e\u0444\u0435\u0441\u0441\u0438\u043e\u043d\u0430\u043b\u044c\u043d\u043e\u0435 \u0441\u043e\u043f\u0440\u043e\u0432\u043e\u0436\u0434\u0435\u043d\u0438\u0435 \u0432 \u0445\u043e\u0434\u0435 \u0443\u0447\u0440\u0435\u0436\u0434\u0435\u043d\u0438\u044f \u043f\u0440\u0435\u0434\u043f\u0440\u0438\u044f\u0442\u0438\u044f \u0438 \u0432 [&hellip;]\" \/>\n<meta property=\"og:url\" content=\"https:\/\/kanzlei-bluem.de\/ru\/recht-fuer-unternehmen\/\" \/>\n<meta property=\"og:site_name\" content=\"Kanzlei Bl\u00fcm\" \/>\n<meta property=\"article:modified_time\" content=\"2021-10-31T20:41:07+00:00\" \/>\n<meta property=\"og:image\" content=\"https:\/\/kanzlei-bluem.de\/wp-content\/uploads\/2020\/07\/teaser06.jpg\" \/>\n\t<meta property=\"og:image:width\" content=\"700\" \/>\n\t<meta property=\"og:image:height\" content=\"323\" \/>\n<meta name=\"twitter:card\" content=\"summary_large_image\" \/>\n<script type=\"application\/ld+json\" class=\"yoast-schema-graph\">{\"@context\":\"https:\/\/schema.org\",\"@graph\":[{\"@type\":\"WebSite\",\"@id\":\"https:\/\/kanzlei-bluem.de\/ru\/#website\",\"url\":\"https:\/\/kanzlei-bluem.de\/ru\/\",\"name\":\"Kanzlei Bl\\u00fcm\",\"description\":\"Rechtsanwaltskanzlei\",\"potentialAction\":[{\"@type\":\"SearchAction\",\"target\":\"https:\/\/kanzlei-bluem.de\/ru\/?s={search_term_string}\",\"query-input\":\"required name=search_term_string\"}],\"inLanguage\":\"ru-RU\"},{\"@type\":\"ImageObject\",\"@id\":\"https:\/\/kanzlei-bluem.de\/ru\/recht-fuer-unternehmen\/#primaryimage\",\"inLanguage\":\"ru-RU\",\"url\":\"https:\/\/kanzlei-bluem.de\/wp-content\/uploads\/2020\/07\/teaser06.jpg\",\"width\":700,\"height\":323,\"caption\":\"D\\u00fcsseldorf\"},{\"@type\":\"WebPage\",\"@id\":\"https:\/\/kanzlei-bluem.de\/ru\/recht-fuer-unternehmen\/#webpage\",\"url\":\"https:\/\/kanzlei-bluem.de\/ru\/recht-fuer-unternehmen\/\",\"name\":\"\\u041f\\u0440\\u0435\\u0434\\u043f\\u0440\\u0438\\u043d\\u0438\\u043c\\u0430\\u0442\\u0435\\u043b\\u044c\\u0441\\u043a\\u043e\\u0435 \\u043f\\u0440\\u0430\\u0432\\u043e - Kanzlei Bl\\u00fcm\",\"isPartOf\":{\"@id\":\"https:\/\/kanzlei-bluem.de\/ru\/#website\"},\"primaryImageOfPage\":{\"@id\":\"https:\/\/kanzlei-bluem.de\/ru\/recht-fuer-unternehmen\/#primaryimage\"},\"datePublished\":\"2020-10-09T08:43:36+00:00\",\"dateModified\":\"2021-10-31T20:41:07+00:00\",\"breadcrumb\":{\"@id\":\"https:\/\/kanzlei-bluem.de\/ru\/recht-fuer-unternehmen\/#breadcrumb\"},\"inLanguage\":\"ru-RU\",\"potentialAction\":[{\"@type\":\"ReadAction\",\"target\":[\"https:\/\/kanzlei-bluem.de\/ru\/recht-fuer-unternehmen\/\"]}]},{\"@type\":\"BreadcrumbList\",\"@id\":\"https:\/\/kanzlei-bluem.de\/ru\/recht-fuer-unternehmen\/#breadcrumb\",\"itemListElement\":[{\"@type\":\"ListItem\",\"position\":1,\"item\":{\"@type\":\"WebPage\",\"@id\":\"https:\/\/kanzlei-bluem.de\/\",\"url\":\"https:\/\/kanzlei-bluem.de\/\",\"name\":\"Startseite\"}},{\"@type\":\"ListItem\",\"position\":2,\"item\":{\"@type\":\"WebPage\",\"@id\":\"https:\/\/kanzlei-bluem.de\/ru\/recht-fuer-unternehmen\/\",\"url\":\"https:\/\/kanzlei-bluem.de\/ru\/recht-fuer-unternehmen\/\",\"name\":\"\\u041f\\u0440\\u0435\\u0434\\u043f\\u0440\\u0438\\u043d\\u0438\\u043c\\u0430\\u0442\\u0435\\u043b\\u044c\\u0441\\u043a\\u043e\\u0435 \\u043f\\u0440\\u0430\\u0432\\u043e\"}}]}]}<\/script>\n<!-- \/ Yoast SEO plugin. -->","_links":{"self":[{"href":"https:\/\/kanzlei-bluem.de\/ru\/wp-json\/wp\/v2\/pages\/732\/"}],"collection":[{"href":"https:\/\/kanzlei-bluem.de\/ru\/wp-json\/wp\/v2\/pages\/"}],"about":[{"href":"https:\/\/kanzlei-bluem.de\/ru\/wp-json\/wp\/v2\/types\/page\/"}],"author":[{"embeddable":true,"href":"https:\/\/kanzlei-bluem.de\/ru\/wp-json\/wp\/v2\/users\/3\/"}],"replies":[{"embeddable":true,"href":"https:\/\/kanzlei-bluem.de\/ru\/wp-json\/wp\/v2\/comments\/?post=732"}],"version-history":[{"count":9,"href":"https:\/\/kanzlei-bluem.de\/ru\/wp-json\/wp\/v2\/pages\/732\/revisions\/"}],"predecessor-version":[{"id":1121,"href":"https:\/\/kanzlei-bluem.de\/ru\/wp-json\/wp\/v2\/pages\/732\/revisions\/1121\/"}],"wp:featuredmedia":[{"embeddable":true,"href":"https:\/\/kanzlei-bluem.de\/ru\/wp-json\/wp\/v2\/media\/721\/"}],"wp:attachment":[{"href":"https:\/\/kanzlei-bluem.de\/ru\/wp-json\/wp\/v2\/media\/?parent=732"}],"curies":[{"name":"wp","href":"https:\/\/api.w.org\/{rel}","templated":true}]}}